{"id":8304,"date":"2026-04-04T13:58:03","date_gmt":"2026-04-04T06:58:03","guid":{"rendered":"https:\/\/noithathuuthinh.vn\/?post_type=product&#038;p=8304"},"modified":"2026-04-04T13:58:03","modified_gmt":"2026-04-04T06:58:03","slug":"tu-ao-canh-lua-lht02","status":"publish","type":"product","link":"https:\/\/noithathuuthinh.vn\/zh-hans\/san-pham\/tu-ao-canh-lua-lht02\/","title":{"rendered":"T\u1ee7 \u00e1o c\u00e1nh l\u00f9a LHT02"},"content":{"rendered":"<p data-start=\"919\" data-end=\"1144\"><a href=\"https:\/\/noithathuuthinh.vn\/danh-muc-san-pham\/noi-that-gia-dinh\/tu-ao\/\">T\u1ee7 \u00e1o c\u00e1nh l\u00f9a LHT02<\/a> l\u00e0 gi\u1ea3i ph\u00e1p l\u01b0u tr\u1eef th\u00f4ng minh d\u00e0nh cho nh\u1eefng kh\u00f4ng gian ph\u00f2ng ng\u1ee7 hi\u1ec7n \u0111\u1ea1i. V\u1edbi thi\u1ebft k\u1ebf c\u1eeda tr\u01b0\u1ee3t ti\u1ec7n l\u1ee3i, T\u1ee7 \u00e1o c\u00e1nh l\u00f9a LHT02 gi\u00fap t\u1ed1i \u01b0u di\u1ec7n t\u00edch s\u1eed d\u1ee5ng m\u00e0 v\u1eabn \u0111\u1ea3m b\u1ea3o c\u00f4ng n\u0103ng l\u01b0u tr\u1eef hi\u1ec7u qu\u1ea3.<\/p>\n<p data-start=\"1146\" data-end=\"1395\">\u0110i\u1ec3m n\u1ed5i b\u1eadt c\u1ee7a T\u1ee7 \u00e1o c\u00e1nh l\u00f9a LHT02 n\u1eb1m \u1edf c\u01a1 ch\u1ebf c\u1eeda l\u00f9a linh ho\u1ea1t. Kh\u00f4ng gi\u1ed1ng nh\u01b0 c\u00e1c d\u00f2ng t\u1ee7 c\u00e1nh m\u1edf truy\u1ec1n th\u1ed1ng, T\u1ee7 \u00e1o c\u00e1nh l\u00f9a LHT02 kh\u00f4ng c\u1ea7n kho\u1ea3ng kh\u00f4ng gian ph\u00eda tr\u01b0\u1edbc \u0111\u1ec3 m\u1edf c\u1eeda, t\u1eeb \u0111\u00f3 gi\u00fap c\u0103n ph\u00f2ng tr\u1edf n\u00ean th\u00f4ng tho\u00e1ng v\u00e0 g\u1ecdn g\u00e0ng h\u01a1n.<\/p>\n<p data-start=\"1397\" data-end=\"1713\">T\u1ee7 \u00e1o c\u00e1nh l\u00f9a LHT02 \u0111\u01b0\u1ee3c s\u1ea3n xu\u1ea5t t\u1eeb g\u1ed7 c\u00f4ng nghi\u1ec7p MDF ch\u1ed1ng \u1ea9m ph\u1ee7 Melamine cao c\u1ea5p. \u0110\u00e2y l\u00e0 ch\u1ea5t li\u1ec7u c\u00f3 \u0111\u1ed9 b\u1ec1n cao, kh\u1ea3 n\u0103ng ch\u1ed1ng tr\u1ea7y x\u01b0\u1edbc t\u1ed1t v\u00e0 h\u1ea1n ch\u1ebf t\u00e1c \u0111\u1ed9ng c\u1ee7a \u0111\u1ed9 \u1ea9m, gi\u00fap s\u1ea3n ph\u1ea9m lu\u00f4n gi\u1eef \u0111\u01b0\u1ee3c ch\u1ea5t l\u01b0\u1ee3ng \u1ed5n \u0111\u1ecbnh theo th\u1eddi gian. B\u1ec1 m\u1eb7t Melamine c\u0169ng gi\u00fap vi\u1ec7c v\u1ec7 sinh tr\u1edf n\u00ean nhanh ch\u00f3ng v\u00e0 thu\u1eadn ti\u1ec7n.<\/p>\n<p data-start=\"1715\" data-end=\"1952\">K\u1ebft c\u1ea5u c\u1ee7a T\u1ee7 \u00e1o c\u00e1nh l\u00f9a LHT02 \u0111\u01b0\u1ee3c thi\u1ebft k\u1ebf ch\u1eafc ch\u1eafn, \u0111\u1ea3m b\u1ea3o kh\u1ea3 n\u0103ng ch\u1ecbu l\u1ef1c t\u1ed1t v\u00e0 \u0111\u1ed9 \u1ed5n \u0111\u1ecbnh cao. Kh\u00f4ng gian b\u00ean trong \u0111\u01b0\u1ee3c b\u1ed1 tr\u00ed h\u1ee3p l\u00fd, gi\u00fap ng\u01b0\u1eddi d\u00f9ng d\u1ec5 d\u00e0ng ph\u00e2n lo\u1ea1i v\u00e0 s\u1eafp x\u1ebfp qu\u1ea7n \u00e1o, v\u1eadt d\u1ee5ng c\u00e1 nh\u00e2n m\u1ed9t c\u00e1ch khoa h\u1ecdc.<\/p>\n<h4 data-start=\"1715\" data-end=\"1952\"><a href=\"https:\/\/noithattheone-ht.com\/danh-muc\/gia-dinh\/tu-quan-ao\/\" target=\"_blank\" rel=\"noopener\">T\u1ee7 \u00e1o c\u00e1nh l\u00f9a LHT02<\/a><\/h4>\n<figure id=\"attachment_8309\" aria-describedby=\"caption-attachment-8309\" style=\"width: 1024px\" class=\"wp-caption aligncenter\"><img loading=\"lazy\" decoding=\"async\" class=\"wp-image-8309 size-full\" src=\"https:\/\/noithathuuthinh.vn\/wp-content\/uploads\/2026\/04\/LHT02-2.jpg\" alt=\"T\u1ee7 \u00e1o c\u00e1nh l\u00f9a LHT02\" width=\"1024\" height=\"768\" srcset=\"https:\/\/noithathuuthinh.vn\/wp-content\/uploads\/2026\/04\/LHT02-2.jpg 1024w, https:\/\/noithathuuthinh.vn\/wp-content\/uploads\/2026\/04\/LHT02-2-500x375.jpg 500w, https:\/\/noithathuuthinh.vn\/wp-content\/uploads\/2026\/04\/LHT02-2-300x225.jpg 300w, https:\/\/noithathuuthinh.vn\/wp-content\/uploads\/2026\/04\/LHT02-2-768x576.jpg 768w, https:\/\/noithathuuthinh.vn\/wp-content\/uploads\/2026\/04\/LHT02-2-720x540.jpg 720w, https:\/\/noithathuuthinh.vn\/wp-content\/uploads\/2026\/04\/LHT02-2-1000x750.jpg 1000w\" sizes=\"auto, (max-width: 1024px) 100vw, 1024px\" \/><figcaption id=\"caption-attachment-8309\" class=\"wp-caption-text\">T\u1ee7 \u00e1o c\u00e1nh l\u00f9a LHT02<\/figcaption><\/figure>\n<p data-start=\"1954\" data-end=\"2156\">V\u1edbi k\u00edch th\u01b0\u1edbc W1200 x D600 x H2200 mm, T\u1ee7 \u00e1o c\u00e1nh l\u00f9a LHT02 ph\u00f9 h\u1ee3p v\u1edbi nh\u1eefng kh\u00f4ng gian ph\u00f2ng ng\u1ee7 c\u00f3 di\u1ec7n t\u00edch v\u1eeba. Thi\u1ebft k\u1ebf chi\u1ec1u ngang r\u1ed9ng k\u1ebft h\u1ee3p chi\u1ec1u cao l\u1edbn gi\u00fap t\u0103ng t\u1ed1i \u0111a kh\u00f4ng gian l\u01b0u tr\u1eef.<\/p>\n<p data-start=\"2158\" data-end=\"2369\">Thi\u1ebft k\u1ebf c\u1ee7a T\u1ee7 \u00e1o c\u00e1nh l\u00f9a LHT02 mang l\u1ea1i c\u1ea3m gi\u00e1c hi\u1ec7n \u0111\u1ea1i, g\u1ecdn g\u00e0ng v\u00e0 tinh t\u1ebf cho kh\u00f4ng gian ph\u00f2ng ng\u1ee7. S\u1ea3n ph\u1ea9m d\u1ec5 d\u00e0ng k\u1ebft h\u1ee3p v\u1edbi nhi\u1ec1u phong c\u00e1ch n\u1ed9i th\u1ea5t kh\u00e1c nhau, t\u1eeb hi\u1ec7n \u0111\u1ea1i \u0111\u1ebfn c\u1ed5 \u0111i\u1ec3n ho\u1eb7c vintage.<\/p>\n<p data-start=\"2371\" data-end=\"2535\">Ngo\u00e0i ra, T\u1ee7 \u00e1o c\u00e1nh l\u00f9a LHT02 c\u00f2n c\u00f3 \u01b0u \u0111i\u1ec3m d\u1ec5 v\u1ec7 sinh v\u00e0 b\u1ea3o qu\u1ea3n. Ng\u01b0\u1eddi d\u00f9ng ch\u1ec9 c\u1ea7n lau ch\u00f9i nh\u1eb9 l\u00e0 c\u00f3 th\u1ec3 gi\u1eef s\u1ea3n ph\u1ea9m lu\u00f4n s\u1ea1ch s\u1ebd v\u00e0 b\u1ec1n \u0111\u1eb9p theo th\u1eddi gian.<\/p>\n<p data-start=\"2537\" data-end=\"2789\">T\u1ed5ng k\u1ebft l\u1ea1i, T\u1ee7 \u00e1o c\u00e1nh l\u00f9a LHT02 l\u00e0 s\u1ef1 k\u1ebft h\u1ee3p gi\u1eefa thi\u1ebft k\u1ebf th\u00f4ng minh, ch\u1ea5t li\u1ec7u b\u1ec1n b\u1ec9 v\u00e0 c\u00f4ng n\u0103ng s\u1eed d\u1ee5ng hi\u1ec7u qu\u1ea3. N\u1ebfu anh \u0111ang t\u00ecm m\u1ed9t m\u1eabu t\u1ee7 v\u1eeba ti\u1ebft ki\u1ec7m di\u1ec7n t\u00edch v\u1eeba \u0111\u1ea3m b\u1ea3o ti\u1ec7n nghi th\u00ec T\u1ee7 \u00e1o c\u00e1nh l\u00f9a LHT02 l\u00e0 l\u1ef1a ch\u1ecdn r\u1ea5t \u0111\u00e1ng c\u00e2n nh\u1eafc.<\/p>\n<p data-start=\"2537\" data-end=\"2789\">T\u1ee7 \u00e1o c\u00e1nh l\u00f9a LHT02<\/p>\n","protected":false},"excerpt":{"rendered":"<p data-start=\"153\" data-end=\"578\">T\u1ee7 \u00e1o c\u00e1nh l\u00f9a LHT02 l\u00e0 m\u1eabu t\u1ee7 qu\u1ea7n \u00e1o thi\u1ebft k\u1ebf theo phong c\u00e1ch \u0111\u01a1n gi\u1ea3n nh\u01b0ng tinh t\u1ebf, ph\u00f9 h\u1ee3p v\u1edbi nhi\u1ec1u kh\u00f4ng gian n\u1ed9i th\u1ea5t t\u1eeb hi\u1ec7n \u0111\u1ea1i \u0111\u1ebfn c\u1ed5 \u0111i\u1ec3n ho\u1eb7c vintage. S\u1ea3n ph\u1ea9m \u0111\u01b0\u1ee3c s\u1ea3n xu\u1ea5t t\u1eeb g\u1ed7 c\u00f4ng nghi\u1ec7p MDF ch\u1ed1ng \u1ea9m ph\u1ee7 Melamine cao c\u1ea5p, mang l\u1ea1i \u0111\u1ed9 b\u1ec1n cao, kh\u1ea3 n\u0103ng ch\u1ed1ng tr\u1ea7y x\u01b0\u1edbc v\u00e0 ch\u1ed1ng \u1ea9m t\u1ed1t. Thi\u1ebft k\u1ebf c\u00e1nh l\u00f9a gi\u00fap ti\u1ebft ki\u1ec7m di\u1ec7n t\u00edch hi\u1ec7u qu\u1ea3, \u0111\u1eb7c bi\u1ec7t ph\u00f9 h\u1ee3p v\u1edbi nh\u1eefng kh\u00f4ng gian ph\u00f2ng ng\u1ee7 c\u00f3 di\u1ec7n t\u00edch h\u1ea1n ch\u1ebf.<\/p>\n<p><span style=\"color: #ed1c24;\"><em>M\u00e0u g\u1ed7 tu\u1ef3 ch\u1ecdn theo y\u00eau c\u1ea7u c\u1ee7a kh\u00e1ch h\u00e0ng.<\/em><\/span><\/p>\n<p data-start=\"580\" data-end=\"872\">K\u00edch th\u01b0\u1edbc: W1200 x D600 x H2200 mm<br data-start=\"615\" data-end=\"618\" \/>Xu\u1ea5t x\u1ee9: S\u1ea3n ph\u1ea9m c\u1ee7a <strong>C\u00d4NG TY TNHH SXTM TTNT H\u1eeeU TH\u1ecaNH.<\/strong><br data-start=\"673\" data-end=\"676\" \/>B\u1ea3o h\u00e0nh: 12 th\u00e1ng theo ti\u00eau chu\u1ea9n nh\u00e0 m\u00e1y.<br data-start=\"719\" data-end=\"722\" \/><span style=\"color: #ed1c24;\"><em>L\u01b0u \u00fd: Gi\u00e1 tr\u00ean ch\u01b0a bao g\u1ed3m VAT v\u00e0 ph\u00ed v\u1eadn chuy\u1ec3n. Gi\u00e1 s\u1ea3n ph\u1ea9m c\u00f3 th\u1ec3 thay \u0111\u1ed5i theo t\u1eebng th\u1eddi \u0111i\u1ec3m, vui l\u00f2ng li\u00ean h\u1ec7 \u0111\u1ec3 nh\u1eadn t\u01b0 v\u1ea5n \u01b0u \u0111\u00e3i t\u1ed1t nh\u1ea5t.<\/em><\/span><\/p>\n","protected":false},"featured_media":8305,"comment_status":"open","ping_status":"closed","template":"","meta":[],"product_brand":[],"product_cat":[18,411],"product_tag":[],"class_list":{"0":"post-8304","1":"product","2":"type-product","3":"status-publish","4":"has-post-thumbnail","6":"product_cat-noi-that-gia-dinh","7":"product_cat-tu-ao","9":"first","10":"instock","11":"shipping-taxable","12":"purchasable","13":"product-type-simple"},"_links":{"self":[{"href":"https:\/\/noithathuuthinh.vn\/zh-hans\/wp-json\/wp\/v2\/product\/8304","targetHints":{"allow":["GET"]}}],"collection":[{"href":"https:\/\/noithathuuthinh.vn\/zh-hans\/wp-json\/wp\/v2\/product"}],"about":[{"href":"https:\/\/noithathuuthinh.vn\/zh-hans\/wp-json\/wp\/v2\/types\/product"}],"replies":[{"embeddable":true,"href":"https:\/\/noithathuuthinh.vn\/zh-hans\/wp-json\/wp\/v2\/comments?post=8304"}],"wp:featuredmedia":[{"embeddable":true,"href":"https:\/\/noithathuuthinh.vn\/zh-hans\/wp-json\/wp\/v2\/media\/8305"}],"wp:attachment":[{"href":"https:\/\/noithathuuthinh.vn\/zh-hans\/wp-json\/wp\/v2\/media?parent=8304"}],"wp:term":[{"taxonomy":"product_brand","embeddable":true,"href":"https:\/\/noithathuuthinh.vn\/zh-hans\/wp-json\/wp\/v2\/product_brand?post=8304"},{"taxonomy":"product_cat","embeddable":true,"href":"https:\/\/noithathuuthinh.vn\/zh-hans\/wp-json\/wp\/v2\/product_cat?post=8304"},{"taxonomy":"product_tag","embeddable":true,"href":"https:\/\/noithathuuthinh.vn\/zh-hans\/wp-json\/wp\/v2\/product_tag?post=8304"}],"curies":[{"name":"wp","href":"https:\/\/api.w.org\/{rel}","templated":true}]}}