{"id":8354,"date":"2026-04-06T12:08:11","date_gmt":"2026-04-06T05:08:11","guid":{"rendered":"https:\/\/noithathuuthinh.vn\/?post_type=product&#038;p=8354"},"modified":"2026-04-06T12:08:12","modified_gmt":"2026-04-06T05:08:12","slug":"tu-quan-ao-mht24","status":"publish","type":"product","link":"https:\/\/noithathuuthinh.vn\/zh-hans\/san-pham\/tu-quan-ao-mht24\/","title":{"rendered":"T\u1ee7 qu\u1ea7n \u00e1o MHT24"},"content":{"rendered":"<p data-start=\"40\" data-end=\"423\"><a href=\"https:\/\/noithathuuthinh.vn\/danh-muc-san-pham\/noi-that-gia-dinh\/tu-ao\/\">T\u1ee7 qu\u1ea7n \u00e1o MHT24<\/a> l\u00e0 l\u1ef1a ch\u1ecdn l\u00fd t\u01b0\u1edfng cho nh\u1eefng kh\u00f4ng gian ph\u00f2ng ng\u1ee7 c\u1ea7n s\u1ef1 g\u1ecdn g\u00e0ng, ti\u1ec7n nghi v\u00e0 t\u00ednh th\u1ea9m m\u1ef9 h\u00e0i h\u00f2a. V\u1edbi thi\u1ebft k\u1ebf \u0111\u01a1n gi\u1ea3n nh\u01b0ng hi\u1ec7n \u0111\u1ea1i, T\u1ee7 qu\u1ea7n \u00e1o MHT24 mang \u0111\u1ebfn gi\u1ea3i ph\u00e1p l\u01b0u tr\u1eef hi\u1ec7u qu\u1ea3 \u0111\u1ed3ng th\u1eddi gi\u00fap t\u1ed5ng th\u1ec3 c\u0103n ph\u00f2ng tr\u1edf n\u00ean ng\u0103n n\u1eafp v\u00e0 tinh t\u1ebf h\u01a1n. S\u1ea3n ph\u1ea9m ph\u00f9 h\u1ee3p v\u1edbi nhi\u1ec1u phong c\u00e1ch n\u1ed9i th\u1ea5t kh\u00e1c nhau t\u1eeb hi\u1ec7n \u0111\u1ea1i, t\u1ed1i gi\u1ea3n \u0111\u1ebfn c\u1ed5 \u0111i\u1ec3n ho\u1eb7c vintage.<\/p>\n<p data-start=\"425\" data-end=\"821\">\u0110i\u1ec3m n\u1ed5i b\u1eadt c\u1ee7a T\u1ee7 qu\u1ea7n \u00e1o MHT24 n\u1eb1m \u1edf ki\u1ec3u d\u00e1ng c\u00e2n \u0111\u1ed1i v\u00e0 thi\u1ebft k\u1ebf tinh gi\u1ea3n. C\u00e1c \u0111\u01b0\u1eddng n\u00e9t \u0111\u01b0\u1ee3c t\u1ed1i \u01b0u gi\u00fap s\u1ea3n ph\u1ea9m kh\u00f4ng b\u1ecb r\u01b0\u1eddm r\u00e0 nh\u01b0ng v\u1eabn \u0111\u1ea3m b\u1ea3o t\u00ednh th\u1ea9m m\u1ef9. Nh\u1edd v\u1eady, T\u1ee7 qu\u1ea7n \u00e1o MHT24 c\u00f3 th\u1ec3 d\u1ec5 d\u00e0ng b\u1ed1 tr\u00ed trong nhi\u1ec1u kh\u00f4ng gian ph\u00f2ng ng\u1ee7 kh\u00e1c nhau m\u00e0 v\u1eabn t\u1ea1o \u0111\u01b0\u1ee3c s\u1ef1 h\u00e0i h\u00f2a t\u1ed5ng th\u1ec3. Thi\u1ebft k\u1ebf n\u00e0y \u0111\u1eb7c bi\u1ec7t ph\u00f9 h\u1ee3p v\u1edbi nh\u1eefng gia \u0111\u00ecnh y\u00eau th\u00edch phong c\u00e1ch n\u1ed9i th\u1ea5t g\u1ecdn g\u00e0ng, hi\u1ec7n \u0111\u1ea1i.<\/p>\n<p data-start=\"823\" data-end=\"1235\">T\u1ee7 qu\u1ea7n \u00e1o MHT24 \u0111\u01b0\u1ee3c s\u1ea3n xu\u1ea5t t\u1eeb g\u1ed7 c\u00f4ng nghi\u1ec7p MDF ch\u1ed1ng \u1ea9m ph\u1ee7 Melamine cao c\u1ea5p. \u0110\u00e2y l\u00e0 ch\u1ea5t li\u1ec7u c\u00f3 \u0111\u1ed9 b\u1ec1n cao, kh\u1ea3 n\u0103ng ch\u1ed1ng tr\u1ea7y x\u01b0\u1edbc t\u1ed1t v\u00e0 h\u1ea1n ch\u1ebf cong v\u00eanh trong qu\u00e1 tr\u00ecnh s\u1eed d\u1ee5ng. Nh\u1edd \u0111\u00f3, T\u1ee7 qu\u1ea7n \u00e1o MHT24 lu\u00f4n gi\u1eef \u0111\u01b0\u1ee3c \u0111\u1ed9 b\u1ec1n \u0111\u1eb9p l\u00e2u d\u00e0i, \u0111\u1ed3ng th\u1eddi gi\u00fap ng\u01b0\u1eddi d\u00f9ng y\u00ean t\u00e2m khi s\u1eed d\u1ee5ng trong \u0111i\u1ec1u ki\u1ec7n kh\u00ed h\u1eadu n\u00f3ng \u1ea9m. B\u1ec1 m\u1eb7t Melamine nh\u1eb5n m\u1ecbn c\u00f2n gi\u00fap vi\u1ec7c lau ch\u00f9i tr\u1edf n\u00ean nhanh ch\u00f3ng v\u00e0 d\u1ec5 d\u00e0ng h\u01a1n.<\/p>\n<p data-start=\"1237\" data-end=\"1590\">Kh\u00f4ng gian b\u00ean trong T\u1ee7 qu\u1ea7n \u00e1o MHT24 \u0111\u01b0\u1ee3c thi\u1ebft k\u1ebf khoa h\u1ecdc, gi\u00fap ng\u01b0\u1eddi d\u00f9ng d\u1ec5 d\u00e0ng s\u1eafp x\u1ebfp qu\u1ea7n \u00e1o v\u00e0 c\u00e1c v\u1eadt d\u1ee5ng c\u00e1 nh\u00e2n m\u1ed9t c\u00e1ch g\u1ecdn g\u00e0ng. C\u00e1c ng\u0103n ch\u1ee9a \u0111\u01b0\u1ee3c b\u1ed1 tr\u00ed h\u1ee3p l\u00fd gi\u00fap t\u1ed1i \u01b0u kh\u1ea3 n\u0103ng l\u01b0u tr\u1eef, \u0111\u1ed3ng th\u1eddi thu\u1eadn ti\u1ec7n trong qu\u00e1 tr\u00ecnh s\u1eed d\u1ee5ng h\u1eb1ng ng\u00e0y. Nh\u1edd thi\u1ebft k\u1ebf n\u00e0y, T\u1ee7 qu\u1ea7n \u00e1o MHT24 \u0111\u00e1p \u1ee9ng t\u1ed1t nhu c\u1ea7u l\u01b0u tr\u1eef c\u1ee7a c\u00e1 nh\u00e2n ho\u1eb7c gia \u0111\u00ecnh.<\/p>\n<figure id=\"attachment_8357\" aria-describedby=\"caption-attachment-8357\" style=\"width: 1024px\" class=\"wp-caption aligncenter\"><img loading=\"lazy\" decoding=\"async\" class=\"wp-image-8357 size-full\" src=\"https:\/\/noithathuuthinh.vn\/wp-content\/uploads\/2026\/04\/MHT24-3.jpg\" alt=\"T\u1ee7 qu\u1ea7n \u00e1o MHT24\" width=\"1024\" height=\"768\" srcset=\"https:\/\/noithathuuthinh.vn\/wp-content\/uploads\/2026\/04\/MHT24-3.jpg 1024w, https:\/\/noithathuuthinh.vn\/wp-content\/uploads\/2026\/04\/MHT24-3-500x375.jpg 500w, https:\/\/noithathuuthinh.vn\/wp-content\/uploads\/2026\/04\/MHT24-3-300x225.jpg 300w, https:\/\/noithathuuthinh.vn\/wp-content\/uploads\/2026\/04\/MHT24-3-768x576.jpg 768w, https:\/\/noithathuuthinh.vn\/wp-content\/uploads\/2026\/04\/MHT24-3-720x540.jpg 720w, https:\/\/noithathuuthinh.vn\/wp-content\/uploads\/2026\/04\/MHT24-3-1000x750.jpg 1000w\" sizes=\"auto, (max-width: 1024px) 100vw, 1024px\" \/><figcaption id=\"caption-attachment-8357\" class=\"wp-caption-text\">T\u1ee7 qu\u1ea7n \u00e1o MHT24<\/figcaption><\/figure>\n<h4 data-start=\"1237\" data-end=\"1590\"><a href=\"https:\/\/noithattheone-ht.com\/danh-muc\/gia-dinh\/tu-quan-ao\/\" target=\"_blank\" rel=\"noopener\">T\u1ee7 qu\u1ea7n \u00e1o MHT24<\/a><\/h4>\n<p data-start=\"1592\" data-end=\"1931\">V\u1edbi k\u00edch th\u01b0\u1edbc W1200 x D550 x H2000 mm, T\u1ee7 qu\u1ea7n \u00e1o MHT24 ph\u00f9 h\u1ee3p v\u1edbi nh\u1eefng kh\u00f4ng gian ph\u00f2ng ng\u1ee7 c\u00f3 di\u1ec7n t\u00edch v\u1eeba. Chi\u1ec1u ngang r\u1ed9ng gi\u00fap t\u0103ng kh\u00f4ng gian ch\u1ee9a \u0111\u1ed3, trong khi chi\u1ec1u s\u00e2u h\u1ee3p l\u00fd v\u1eabn \u0111\u1ea3m b\u1ea3o s\u1ef1 g\u1ecdn g\u00e0ng khi b\u1ed1 tr\u00ed n\u1ed9i th\u1ea5t. \u0110\u00e2y l\u00e0 k\u00edch th\u01b0\u1edbc c\u00e2n \u0111\u1ed1i, d\u1ec5 d\u00e0ng k\u1ebft h\u1ee3p v\u1edbi gi\u01b0\u1eddng ng\u1ee7, b\u00e0n trang \u0111i\u1ec3m ho\u1eb7c c\u00e1c s\u1ea3n ph\u1ea9m n\u1ed9i th\u1ea5t kh\u00e1c.<\/p>\n<p data-start=\"1933\" data-end=\"2242\">Thi\u1ebft k\u1ebf c\u1ee7a T\u1ee7 qu\u1ea7n \u00e1o MHT24 mang l\u1ea1i c\u1ea3m gi\u00e1c \u1ea5m \u00e1p v\u00e0 hi\u1ec7n \u0111\u1ea1i cho kh\u00f4ng gian ph\u00f2ng ng\u1ee7. S\u1ef1 k\u1ebft h\u1ee3p gi\u1eefa ch\u1ea5t li\u1ec7u b\u1ec1n b\u1ec9 v\u00e0 ki\u1ec3u d\u00e1ng tinh t\u1ebf gi\u00fap s\u1ea3n ph\u1ea9m tr\u1edf th\u00e0nh \u0111i\u1ec3m nh\u1ea5n nh\u1eb9 nh\u00e0ng nh\u01b0ng hi\u1ec7u qu\u1ea3. T\u1ee7 qu\u1ea7n \u00e1o MHT24 kh\u00f4ng ch\u1ec9 \u0111\u00e1p \u1ee9ng nhu c\u1ea7u l\u01b0u tr\u1eef m\u00e0 c\u00f2n g\u00f3p ph\u1ea7n n\u00e2ng cao t\u00ednh th\u1ea9m m\u1ef9 cho c\u0103n ph\u00f2ng.<\/p>\n<p data-start=\"2244\" data-end=\"2488\">Ngo\u00e0i ra, T\u1ee7 qu\u1ea7n \u00e1o MHT24 c\u00f2n c\u00f3 \u01b0u \u0111i\u1ec3m d\u1ec5 v\u1ec7 sinh v\u00e0 b\u1ea3o qu\u1ea3n. Ng\u01b0\u1eddi d\u00f9ng ch\u1ec9 c\u1ea7n lau ch\u00f9i nh\u1eb9 l\u00e0 c\u00f3 th\u1ec3 gi\u1eef s\u1ea3n ph\u1ea9m lu\u00f4n s\u1ea1ch s\u1ebd v\u00e0 s\u00e1ng \u0111\u1eb9p. Nh\u1edd \u0111\u00f3, T\u1ee7 qu\u1ea7n \u00e1o MHT24 lu\u00f4n duy tr\u00ec \u0111\u01b0\u1ee3c v\u1ebb ngo\u00e0i b\u1ec1n \u0111\u1eb9p trong su\u1ed1t qu\u00e1 tr\u00ecnh s\u1eed d\u1ee5ng l\u00e2u d\u00e0i.<\/p>\n<p data-start=\"2490\" data-end=\"2767\" data-is-last-node=\"\" data-is-only-node=\"\">T\u1ed5ng k\u1ebft l\u1ea1i, T\u1ee7 qu\u1ea7n \u00e1o MHT24 l\u00e0 s\u1ef1 k\u1ebft h\u1ee3p gi\u1eefa thi\u1ebft k\u1ebf \u0111\u01a1n gi\u1ea3n, ch\u1ea5t li\u1ec7u b\u1ec1n b\u1ec9 v\u00e0 c\u00f4ng n\u0103ng s\u1eed d\u1ee5ng hi\u1ec7u qu\u1ea3. N\u1ebfu anh \u0111ang t\u00ecm m\u1ed9t m\u1eabu t\u1ee7 c\u00f3 k\u00edch th\u01b0\u1edbc v\u1eeba ph\u1ea3i, \u0111\u1eb9p v\u00e0 ti\u1ec7n d\u1ee5ng th\u00ec T\u1ee7 qu\u1ea7n \u00e1o MHT24 ch\u1eafc ch\u1eafn l\u00e0 l\u1ef1a ch\u1ecdn \u0111\u00e1ng c\u00e2n nh\u1eafc cho kh\u00f4ng gian ph\u00f2ng ng\u1ee7 hi\u1ec7n \u0111\u1ea1i.<\/p>\n","protected":false},"excerpt":{"rendered":"<p data-start=\"151\" data-end=\"535\">T\u1ee7 qu\u1ea7n \u00e1o MHT24 l\u00e0 m\u1eabu t\u1ee7 \u0111\u01b0\u1ee3c thi\u1ebft k\u1ebf theo phong c\u00e1ch \u0111\u01a1n gi\u1ea3n nh\u01b0ng tinh t\u1ebf, ph\u00f9 h\u1ee3p v\u1edbi nhi\u1ec1u kh\u00f4ng gian n\u1ed9i th\u1ea5t t\u1eeb hi\u1ec7n \u0111\u1ea1i \u0111\u1ebfn c\u1ed5 \u0111i\u1ec3n ho\u1eb7c vintage. S\u1ea3n ph\u1ea9m \u0111\u01b0\u1ee3c s\u1ea3n xu\u1ea5t t\u1eeb g\u1ed7 c\u00f4ng nghi\u1ec7p MDF ch\u1ed1ng \u1ea9m ph\u1ee7 Melamine cao c\u1ea5p, mang l\u1ea1i \u0111\u1ed9 b\u1ec1n cao, kh\u1ea3 n\u0103ng ch\u1ed1ng tr\u1ea7y x\u01b0\u1edbc v\u00e0 ch\u1ed1ng \u1ea9m t\u1ed1t. T\u1ee7 c\u00f3 k\u1ebft c\u1ea5u ch\u1eafc ch\u1eafn, gi\u00fap t\u1ed1i \u01b0u kh\u00f4ng gian l\u01b0u tr\u1eef qu\u1ea7n \u00e1o v\u00e0 c\u00e1c v\u1eadt d\u1ee5ng c\u00e1 nh\u00e2n.<\/p>\n<p><span style=\"color: #ed1c24;\"><em>M\u00e0u g\u1ed7 tu\u1ef3 ch\u1ecdn theo y\u00eau c\u1ea7u c\u1ee7a kh\u00e1ch h\u00e0ng.<\/em><\/span><\/p>\n<p data-start=\"537\" data-end=\"829\">K\u00edch th\u01b0\u1edbc: W1200 x D550 x H2000 mm<br data-start=\"572\" data-end=\"575\" \/>Xu\u1ea5t x\u1ee9: S\u1ea3n ph\u1ea9m c\u1ee7a <strong>C\u00d4NG TY TNHH SXTM TTNT H\u1eeeU TH\u1ecaNH.<\/strong><br data-start=\"630\" data-end=\"633\" \/>B\u1ea3o h\u00e0nh: 12 th\u00e1ng theo ti\u00eau chu\u1ea9n nh\u00e0 m\u00e1y.<br data-start=\"676\" data-end=\"679\" \/><span style=\"color: #ed1c24;\"><em>L\u01b0u \u00fd: Gi\u00e1 tr\u00ean ch\u01b0a bao g\u1ed3m VAT v\u00e0 ph\u00ed v\u1eadn chuy\u1ec3n. Gi\u00e1 s\u1ea3n ph\u1ea9m c\u00f3 th\u1ec3 thay \u0111\u1ed5i theo t\u1eebng th\u1eddi \u0111i\u1ec3m, vui l\u00f2ng li\u00ean h\u1ec7 \u0111\u1ec3 nh\u1eadn t\u01b0 v\u1ea5n \u01b0u \u0111\u00e3i t\u1ed1t nh\u1ea5t.<\/em><\/span><\/p>\n","protected":false},"featured_media":8355,"comment_status":"open","ping_status":"closed","template":"","meta":[],"product_brand":[],"product_cat":[18,411],"product_tag":[],"class_list":{"0":"post-8354","1":"product","2":"type-product","3":"status-publish","4":"has-post-thumbnail","6":"product_cat-noi-that-gia-dinh","7":"product_cat-tu-ao","9":"first","10":"instock","11":"shipping-taxable","12":"purchasable","13":"product-type-simple"},"_links":{"self":[{"href":"https:\/\/noithathuuthinh.vn\/zh-hans\/wp-json\/wp\/v2\/product\/8354","targetHints":{"allow":["GET"]}}],"collection":[{"href":"https:\/\/noithathuuthinh.vn\/zh-hans\/wp-json\/wp\/v2\/product"}],"about":[{"href":"https:\/\/noithathuuthinh.vn\/zh-hans\/wp-json\/wp\/v2\/types\/product"}],"replies":[{"embeddable":true,"href":"https:\/\/noithathuuthinh.vn\/zh-hans\/wp-json\/wp\/v2\/comments?post=8354"}],"wp:featuredmedia":[{"embeddable":true,"href":"https:\/\/noithathuuthinh.vn\/zh-hans\/wp-json\/wp\/v2\/media\/8355"}],"wp:attachment":[{"href":"https:\/\/noithathuuthinh.vn\/zh-hans\/wp-json\/wp\/v2\/media?parent=8354"}],"wp:term":[{"taxonomy":"product_brand","embeddable":true,"href":"https:\/\/noithathuuthinh.vn\/zh-hans\/wp-json\/wp\/v2\/product_brand?post=8354"},{"taxonomy":"product_cat","embeddable":true,"href":"https:\/\/noithathuuthinh.vn\/zh-hans\/wp-json\/wp\/v2\/product_cat?post=8354"},{"taxonomy":"product_tag","embeddable":true,"href":"https:\/\/noithathuuthinh.vn\/zh-hans\/wp-json\/wp\/v2\/product_tag?post=8354"}],"curies":[{"name":"wp","href":"https:\/\/api.w.org\/{rel}","templated":true}]}}