{"id":8382,"date":"2026-04-06T15:08:44","date_gmt":"2026-04-06T08:08:44","guid":{"rendered":"https:\/\/noithathuuthinh.vn\/?post_type=product&#038;p=8382"},"modified":"2026-04-06T15:08:45","modified_gmt":"2026-04-06T08:08:45","slug":"tu-ao-mht28","status":"publish","type":"product","link":"https:\/\/noithathuuthinh.vn\/zh-hans\/san-pham\/tu-ao-mht28\/","title":{"rendered":"T\u1ee7 \u00e1o MHT28"},"content":{"rendered":"<p data-start=\"824\" data-end=\"1220\"><a href=\"https:\/\/noithathuuthinh.vn\/danh-muc-san-pham\/noi-that-gia-dinh\/tu-ao\/\">T\u1ee7 \u00e1o MHT28<\/a> l\u00e0 m\u1eabu t\u1ee7 qu\u1ea7n \u00e1o \u0111\u01b0\u1ee3c thi\u1ebft k\u1ebf theo phong c\u00e1ch t\u00e2n c\u1ed5 \u0111i\u1ec3n k\u1ebft h\u1ee3p v\u1edbi \u0111\u01b0\u1eddng n\u00e9t \u0111\u01a1n gi\u1ea3n, mang \u0111\u1ebfn s\u1ef1 c\u00e2n b\u1eb1ng gi\u1eefa v\u1ebb \u0111\u1eb9p sang tr\u1ecdng v\u00e0 t\u00ednh \u1ee9ng d\u1ee5ng th\u1ef1c t\u1ebf. V\u1edbi ki\u1ec3u d\u00e1ng h\u00e0i h\u00f2a v\u00e0 k\u00edch th\u01b0\u1edbc r\u1ed9ng r\u00e3i, T\u1ee7 \u00e1o MHT28 gi\u00fap kh\u00f4ng gian ph\u00f2ng ng\u1ee7 tr\u1edf n\u00ean g\u1ecdn g\u00e0ng, tinh t\u1ebf v\u00e0 ti\u1ec7n nghi h\u01a1n. S\u1ea3n ph\u1ea9m ph\u00f9 h\u1ee3p v\u1edbi nhi\u1ec1u phong c\u00e1ch n\u1ed9i th\u1ea5t kh\u00e1c nhau t\u1eeb hi\u1ec7n \u0111\u1ea1i \u0111\u1ebfn c\u1ed5 \u0111i\u1ec3n ho\u1eb7c vintage.<\/p>\n<p data-start=\"1222\" data-end=\"1595\">\u0110i\u1ec3m n\u1ed5i b\u1eadt c\u1ee7a T\u1ee7 \u00e1o MHT28 n\u1eb1m \u1edf phong c\u00e1ch t\u00e2n c\u1ed5 \u0111i\u1ec3n nh\u1eb9 nh\u00e0ng, kh\u00f4ng qu\u00e1 c\u1ea7u k\u1ef3 nh\u01b0ng v\u1eabn th\u1ec3 hi\u1ec7n \u0111\u01b0\u1ee3c s\u1ef1 sang tr\u1ecdng. C\u00e1c chi ti\u1ebft \u0111\u01b0\u1ee3c thi\u1ebft k\u1ebf tinh gi\u1ea3n gi\u00fap s\u1ea3n ph\u1ea9m d\u1ec5 d\u00e0ng k\u1ebft h\u1ee3p v\u1edbi nhi\u1ec1u lo\u1ea1i gi\u01b0\u1eddng ng\u1ee7, b\u00e0n trang \u0111i\u1ec3m v\u00e0 c\u00e1c \u0111\u1ed3 n\u1ed9i th\u1ea5t kh\u00e1c. Nh\u1edd v\u1eady, T\u1ee7 \u00e1o MHT28 c\u00f3 th\u1ec3 b\u1ed1 tr\u00ed linh ho\u1ea1t trong nhi\u1ec1u kh\u00f4ng gian ph\u00f2ng ng\u1ee7 m\u00e0 v\u1eabn gi\u1eef \u0111\u01b0\u1ee3c s\u1ef1 h\u00e0i h\u00f2a t\u1ed5ng th\u1ec3.<\/p>\n<p data-start=\"1597\" data-end=\"1990\">T\u1ee7 \u00e1o MHT28 \u0111\u01b0\u1ee3c s\u1ea3n xu\u1ea5t t\u1eeb g\u1ed7 c\u00f4ng nghi\u1ec7p MDF ch\u1ed1ng \u1ea9m ph\u1ee7 Melamine cao c\u1ea5p. \u0110\u00e2y l\u00e0 v\u1eadt li\u1ec7u c\u00f3 \u0111\u1ed9 b\u1ec1n cao, kh\u1ea3 n\u0103ng ch\u1ed1ng tr\u1ea7y x\u01b0\u1edbc t\u1ed1t v\u00e0 h\u1ea1n ch\u1ebf cong v\u00eanh trong \u0111i\u1ec1u ki\u1ec7n s\u1eed d\u1ee5ng l\u00e2u d\u00e0i. B\u1ec1 m\u1eb7t ph\u1ee7 Melamine gi\u00fap s\u1ea3n ph\u1ea9m gi\u1eef \u0111\u01b0\u1ee3c m\u00e0u s\u1eafc \u1ed5n \u0111\u1ecbnh, \u0111\u1ed3ng th\u1eddi d\u1ec5 d\u00e0ng v\u1ec7 sinh trong qu\u00e1 tr\u00ecnh s\u1eed d\u1ee5ng. Nh\u1edd ch\u1ea5t li\u1ec7u b\u1ec1n b\u1ec9, T\u1ee7 \u00e1o MHT28 lu\u00f4n \u0111\u1ea3m b\u1ea3o \u0111\u1ed9 \u1ed5n \u0111\u1ecbnh v\u00e0 t\u00ednh th\u1ea9m m\u1ef9 theo th\u1eddi gian.<\/p>\n<p data-start=\"1992\" data-end=\"2373\">Kh\u00f4ng gian b\u00ean trong T\u1ee7 \u00e1o MHT28 \u0111\u01b0\u1ee3c thi\u1ebft k\u1ebf khoa h\u1ecdc nh\u1eb1m t\u1ed1i \u01b0u kh\u1ea3 n\u0103ng l\u01b0u tr\u1eef. V\u1edbi chi\u1ec1u ngang l\u1edbn, s\u1ea3n ph\u1ea9m cung c\u1ea5p di\u1ec7n t\u00edch ch\u1ee9a \u0111\u1ed3 r\u1ed9ng r\u00e3i, ph\u00f9 h\u1ee3p \u0111\u1ec3 s\u1eafp x\u1ebfp qu\u1ea7n \u00e1o, ch\u0103n g\u1ed1i v\u00e0 c\u00e1c v\u1eadt d\u1ee5ng c\u00e1 nh\u00e2n. B\u1ed1 c\u1ee5c b\u00ean trong gi\u00fap ph\u00e2n lo\u1ea1i \u0111\u1ed3 d\u00f9ng d\u1ec5 d\u00e0ng, \u0111\u1ed3ng th\u1eddi gi\u1eef cho ph\u00f2ng ng\u1ee7 lu\u00f4n ng\u0103n n\u1eafp. Nh\u1edd thi\u1ebft k\u1ebf h\u1ee3p l\u00fd, T\u1ee7 \u00e1o MHT28 \u0111\u00e1p \u1ee9ng t\u1ed1t nhu c\u1ea7u s\u1eed d\u1ee5ng c\u1ee7a gia \u0111\u00ecnh.<\/p>\n<h4 data-start=\"1992\" data-end=\"2373\"><a href=\"https:\/\/noithattheone-ht.com\/danh-muc\/gia-dinh\/tu-quan-ao\/\" target=\"_blank\" rel=\"noopener\">T\u1ee7 \u00e1o MHT28<\/a><\/h4>\n<figure id=\"attachment_8385\" aria-describedby=\"caption-attachment-8385\" style=\"width: 1024px\" class=\"wp-caption aligncenter\"><a href=\"https:\/\/noithattheone-ht.com\/danh-muc\/gia-dinh\/tu-quan-ao\/\" target=\"_blank\" rel=\"noopener\"><img loading=\"lazy\" decoding=\"async\" class=\"wp-image-8385 size-full\" src=\"https:\/\/noithathuuthinh.vn\/wp-content\/uploads\/2026\/04\/MHT28-3.jpg\" alt=\"T\u1ee7 \u00e1o MHT28\" width=\"1024\" height=\"768\" srcset=\"https:\/\/noithathuuthinh.vn\/wp-content\/uploads\/2026\/04\/MHT28-3.jpg 1024w, https:\/\/noithathuuthinh.vn\/wp-content\/uploads\/2026\/04\/MHT28-3-500x375.jpg 500w, https:\/\/noithathuuthinh.vn\/wp-content\/uploads\/2026\/04\/MHT28-3-300x225.jpg 300w, https:\/\/noithathuuthinh.vn\/wp-content\/uploads\/2026\/04\/MHT28-3-768x576.jpg 768w, https:\/\/noithathuuthinh.vn\/wp-content\/uploads\/2026\/04\/MHT28-3-720x540.jpg 720w, https:\/\/noithathuuthinh.vn\/wp-content\/uploads\/2026\/04\/MHT28-3-1000x750.jpg 1000w\" sizes=\"auto, (max-width: 1024px) 100vw, 1024px\" \/><\/a><figcaption id=\"caption-attachment-8385\" class=\"wp-caption-text\">T\u1ee7 \u00e1o MHT28<\/figcaption><\/figure>\n<p data-start=\"2375\" data-end=\"2748\">V\u1edbi k\u00edch th\u01b0\u1edbc W1500 x D600 x H2000 \/ 2350 mm, T\u1ee7 \u00e1o MHT28 mang \u0111\u1ebfn hai l\u1ef1a ch\u1ecdn chi\u1ec1u cao ph\u00f9 h\u1ee3p v\u1edbi nhi\u1ec1u kh\u00f4ng gian kh\u00e1c nhau. Phi\u00ean b\u1ea3n cao 2000 mm ph\u00f9 h\u1ee3p v\u1edbi ph\u00f2ng ng\u1ee7 ti\u00eau chu\u1ea9n, trong khi phi\u00ean b\u1ea3n cao 2350 mm gi\u00fap t\u1eadn d\u1ee5ng t\u1ed1i \u0111a chi\u1ec1u cao ph\u00f2ng v\u00e0 t\u0103ng di\u1ec7n t\u00edch l\u01b0u tr\u1eef. Thi\u1ebft k\u1ebf linh ho\u1ea1t n\u00e0y gi\u00fap T\u1ee7 \u00e1o MHT28 d\u1ec5 d\u00e0ng th\u00edch nghi v\u1edbi nhi\u1ec1u ki\u1ec3u b\u1ed1 tr\u00ed n\u1ed9i th\u1ea5t.<\/p>\n<p data-start=\"2750\" data-end=\"3071\">Thi\u1ebft k\u1ebf t\u1ed5ng th\u1ec3 c\u1ee7a T\u1ee7 \u00e1o MHT28 mang l\u1ea1i c\u1ea3m gi\u00e1c sang tr\u1ecdng v\u00e0 \u1ea5m \u00e1p cho kh\u00f4ng gian ph\u00f2ng ng\u1ee7. S\u1ef1 k\u1ebft h\u1ee3p gi\u1eefa phong c\u00e1ch t\u00e2n c\u1ed5 \u0111i\u1ec3n v\u00e0 \u0111\u01b0\u1eddng n\u00e9t hi\u1ec7n \u0111\u1ea1i gi\u00fap s\u1ea3n ph\u1ea9m tr\u1edf th\u00e0nh \u0111i\u1ec3m nh\u1ea5n n\u1ed5i b\u1eadt nh\u01b0ng v\u1eabn h\u00e0i h\u00f2a. T\u1ee7 \u00e1o MHT28 kh\u00f4ng ch\u1ec9 \u0111\u00e1p \u1ee9ng nhu c\u1ea7u l\u01b0u tr\u1eef m\u00e0 c\u00f2n g\u00f3p ph\u1ea7n n\u00e2ng cao gi\u00e1 tr\u1ecb th\u1ea9m m\u1ef9 cho c\u0103n ph\u00f2ng.<\/p>\n<p data-start=\"3073\" data-end=\"3346\">Ngo\u00e0i ra, T\u1ee7 \u00e1o MHT28 c\u00f2n c\u00f3 \u01b0u \u0111i\u1ec3m d\u1ec5 v\u1ec7 sinh v\u00e0 b\u1ea3o qu\u1ea3n. B\u1ec1 m\u1eb7t Melamine h\u1ea1n ch\u1ebf b\u00e1m b\u1ee5i, gi\u00fap vi\u1ec7c lau ch\u00f9i tr\u1edf n\u00ean nhanh ch\u00f3ng v\u00e0 thu\u1eadn ti\u1ec7n. K\u1ebft c\u1ea5u ch\u1eafc ch\u1eafn gi\u00fap s\u1ea3n ph\u1ea9m duy tr\u00ec \u0111\u1ed9 \u1ed5n \u0111\u1ecbnh trong qu\u00e1 tr\u00ecnh s\u1eed d\u1ee5ng l\u00e2u d\u00e0i, ph\u00f9 h\u1ee3p v\u1edbi nhu c\u1ea7u s\u1eed d\u1ee5ng th\u01b0\u1eddng xuy\u00ean.<\/p>\n<p data-start=\"3348\" data-end=\"3543\" data-is-last-node=\"\" data-is-only-node=\"\">T\u1ee7 \u00e1o MHT28 l\u00e0 s\u1ef1 k\u1ebft h\u1ee3p gi\u1eefa thi\u1ebft k\u1ebf \u0111\u01a1n gi\u1ea3n, ch\u1ea5t li\u1ec7u b\u1ec1n b\u1ec9 v\u00e0 c\u00f4ng n\u0103ng s\u1eed d\u1ee5ng hi\u1ec7u qu\u1ea3, ph\u00f9 h\u1ee3p v\u1edbi nhi\u1ec1u kh\u00f4ng gian ph\u00f2ng ng\u1ee7 hi\u1ec7n \u0111\u1ea1i, mang l\u1ea1i gi\u1ea3i ph\u00e1p l\u01b0u tr\u1eef ti\u1ec7n nghi v\u00e0 th\u1ea9m m\u1ef9.<\/p>\n","protected":false},"excerpt":{"rendered":"<p data-start=\"46\" data-end=\"476\">T\u1ee7 \u00e1o MHT28 l\u00e0 m\u1eabu t\u1ee7 qu\u1ea7n \u00e1o phong c\u00e1ch t\u00e2n c\u1ed5 \u0111i\u1ec3n k\u1ebft h\u1ee3p thi\u1ebft k\u1ebf \u0111\u01a1n gi\u1ea3n, t\u1ea1o \u0111i\u1ec3m nh\u1ea5n sang tr\u1ecdng cho kh\u00f4ng gian ph\u00f2ng ng\u1ee7. S\u1ea3n ph\u1ea9m ph\u00f9 h\u1ee3p v\u1edbi nhi\u1ec1u phong c\u00e1ch n\u1ed9i th\u1ea5t t\u1eeb hi\u1ec7n \u0111\u1ea1i \u0111\u1ebfn c\u1ed5 \u0111i\u1ec3n ho\u1eb7c vintage. T\u1ee7 \u0111\u01b0\u1ee3c s\u1ea3n xu\u1ea5t t\u1eeb g\u1ed7 c\u00f4ng nghi\u1ec7p MDF ch\u1ed1ng \u1ea9m ph\u1ee7 Melamine cao c\u1ea5p, mang l\u1ea1i \u0111\u1ed9 b\u1ec1n cao, kh\u1ea3 n\u0103ng ch\u1ed1ng tr\u1ea7y x\u01b0\u1edbc v\u00e0 ch\u1ed1ng \u1ea9m t\u1ed1t. K\u1ebft c\u1ea5u ch\u1eafc ch\u1eafn gi\u00fap t\u1ed1i \u01b0u kh\u00f4ng gian l\u01b0u tr\u1eef qu\u1ea7n \u00e1o v\u00e0 c\u00e1c v\u1eadt d\u1ee5ng c\u00e1 nh\u00e2n.<\/p>\n<p><span style=\"color: #ed1c24;\"><em>M\u00e0u g\u1ed7 tu\u1ef3 ch\u1ecdn theo y\u00eau c\u1ea7u c\u1ee7a kh\u00e1ch h\u00e0ng.<\/em><\/span><\/p>\n<p data-start=\"478\" data-end=\"777\">K\u00edch th\u01b0\u1edbc: W1500 x D600 x H2000 \/ 2350 mm<br data-start=\"520\" data-end=\"523\" \/>Xu\u1ea5t x\u1ee9: S\u1ea3n ph\u1ea9m c\u1ee7a <strong>C\u00d4NG TY TNHH SXTM TTNT H\u1eeeU TH\u1ecaNH.<\/strong><br data-start=\"578\" data-end=\"581\" \/>B\u1ea3o h\u00e0nh: 12 th\u00e1ng theo ti\u00eau chu\u1ea9n nh\u00e0 m\u00e1y.<br data-start=\"624\" data-end=\"627\" \/><span style=\"color: #ed1c24;\"><em>L\u01b0u \u00fd: Gi\u00e1 tr\u00ean ch\u01b0a bao g\u1ed3m VAT v\u00e0 ph\u00ed v\u1eadn chuy\u1ec3n. Gi\u00e1 s\u1ea3n ph\u1ea9m c\u00f3 th\u1ec3 thay \u0111\u1ed5i theo t\u1eebng th\u1eddi \u0111i\u1ec3m, vui l\u00f2ng li\u00ean h\u1ec7 \u0111\u1ec3 nh\u1eadn t\u01b0 v\u1ea5n \u01b0u \u0111\u00e3i t\u1ed1t nh\u1ea5t.<\/em><\/span><\/p>\n","protected":false},"featured_media":8383,"comment_status":"open","ping_status":"closed","template":"","meta":[],"product_brand":[],"product_cat":[18,411],"product_tag":[],"class_list":{"0":"post-8382","1":"product","2":"type-product","3":"status-publish","4":"has-post-thumbnail","6":"product_cat-noi-that-gia-dinh","7":"product_cat-tu-ao","9":"first","10":"instock","11":"shipping-taxable","12":"purchasable","13":"product-type-simple"},"_links":{"self":[{"href":"https:\/\/noithathuuthinh.vn\/zh-hans\/wp-json\/wp\/v2\/product\/8382","targetHints":{"allow":["GET"]}}],"collection":[{"href":"https:\/\/noithathuuthinh.vn\/zh-hans\/wp-json\/wp\/v2\/product"}],"about":[{"href":"https:\/\/noithathuuthinh.vn\/zh-hans\/wp-json\/wp\/v2\/types\/product"}],"replies":[{"embeddable":true,"href":"https:\/\/noithathuuthinh.vn\/zh-hans\/wp-json\/wp\/v2\/comments?post=8382"}],"wp:featuredmedia":[{"embeddable":true,"href":"https:\/\/noithathuuthinh.vn\/zh-hans\/wp-json\/wp\/v2\/media\/8383"}],"wp:attachment":[{"href":"https:\/\/noithathuuthinh.vn\/zh-hans\/wp-json\/wp\/v2\/media?parent=8382"}],"wp:term":[{"taxonomy":"product_brand","embeddable":true,"href":"https:\/\/noithathuuthinh.vn\/zh-hans\/wp-json\/wp\/v2\/product_brand?post=8382"},{"taxonomy":"product_cat","embeddable":true,"href":"https:\/\/noithathuuthinh.vn\/zh-hans\/wp-json\/wp\/v2\/product_cat?post=8382"},{"taxonomy":"product_tag","embeddable":true,"href":"https:\/\/noithathuuthinh.vn\/zh-hans\/wp-json\/wp\/v2\/product_tag?post=8382"}],"curies":[{"name":"wp","href":"https:\/\/api.w.org\/{rel}","templated":true}]}}