{"id":8389,"date":"2026-04-06T15:34:32","date_gmt":"2026-04-06T08:34:32","guid":{"rendered":"https:\/\/noithathuuthinh.vn\/?post_type=product&#038;p=8389"},"modified":"2026-04-06T15:34:32","modified_gmt":"2026-04-06T08:34:32","slug":"tu-ao-mht29","status":"publish","type":"product","link":"https:\/\/noithathuuthinh.vn\/zh-hans\/san-pham\/tu-ao-mht29\/","title":{"rendered":"T\u1ee7 \u00e1o MHT29"},"content":{"rendered":"<p data-start=\"786\" data-end=\"1154\"><a href=\"https:\/\/noithathuuthinh.vn\/danh-muc-san-pham\/noi-that-gia-dinh\/tu-ao\/\">T\u1ee7 \u00e1o MHT29<\/a> l\u00e0 m\u1eabu t\u1ee7 qu\u1ea7n \u00e1o nh\u1ecf g\u1ecdn \u0111\u01b0\u1ee3c thi\u1ebft k\u1ebf nh\u1eb1m t\u1ed1i \u01b0u kh\u00f4ng gian s\u1eed d\u1ee5ng trong nh\u1eefng ph\u00f2ng ng\u1ee7 c\u00f3 di\u1ec7n t\u00edch h\u1ea1n ch\u1ebf. V\u1edbi ki\u1ec3u d\u00e1ng \u0111\u01a1n gi\u1ea3n v\u00e0 k\u00edch th\u01b0\u1edbc g\u1ecdn, T\u1ee7 \u00e1o MHT29 mang \u0111\u1ebfn gi\u1ea3i ph\u00e1p l\u01b0u tr\u1eef ti\u1ec7n l\u1ee3i m\u00e0 v\u1eabn \u0111\u1ea3m b\u1ea3o t\u00ednh th\u1ea9m m\u1ef9. S\u1ea3n ph\u1ea9m ph\u00f9 h\u1ee3p v\u1edbi nhi\u1ec1u kh\u00f4ng gian nh\u01b0 ph\u00f2ng ng\u1ee7 nh\u1ecf, c\u0103n h\u1ed9 studio, ph\u00f2ng tr\u1ecd ho\u1eb7c s\u1eed d\u1ee5ng k\u1ebft h\u1ee3p c\u00f9ng c\u00e1c h\u1ec7 t\u1ee7 l\u1edbn.<\/p>\n<p data-start=\"1156\" data-end=\"1473\">\u0110i\u1ec3m n\u1ed5i b\u1eadt c\u1ee7a T\u1ee7 \u00e1o MHT29 n\u1eb1m \u1edf thi\u1ebft k\u1ebf nh\u1ecf g\u1ecdn nh\u01b0ng v\u1eabn \u0111\u1ea3m b\u1ea3o c\u00f4ng n\u0103ng s\u1eed d\u1ee5ng. Ki\u1ec3u d\u00e1ng tinh gi\u1ea3n gi\u00fap s\u1ea3n ph\u1ea9m d\u1ec5 d\u00e0ng b\u1ed1 tr\u00ed t\u1ea1i nhi\u1ec1u v\u1ecb tr\u00ed kh\u00e1c nhau m\u00e0 kh\u00f4ng chi\u1ebfm nhi\u1ec1u di\u1ec7n t\u00edch. Nh\u1edd \u0111\u00f3, T\u1ee7 \u00e1o MHT29 c\u00f3 th\u1ec3 s\u1eed d\u1ee5ng \u0111\u1ed9c l\u1eadp ho\u1eb7c k\u1ebft h\u1ee3p v\u1edbi c\u00e1c m\u1eabu t\u1ee7 kh\u00e1c \u0111\u1ec3 m\u1edf r\u1ed9ng kh\u00f4ng gian l\u01b0u tr\u1eef khi c\u1ea7n thi\u1ebft.<\/p>\n<p data-start=\"1475\" data-end=\"1849\">T\u1ee7 \u00e1o MHT29 \u0111\u01b0\u1ee3c s\u1ea3n xu\u1ea5t t\u1eeb g\u1ed7 MDF c\u1ed1t l\u00f5i xanh ch\u1ed1ng \u1ea9m ph\u1ee7 Melamine cao c\u1ea5p. \u0110\u00e2y l\u00e0 lo\u1ea1i v\u1eadt li\u1ec7u c\u00f3 \u0111\u1ed9 b\u1ec1n cao, kh\u1ea3 n\u0103ng ch\u1ed1ng \u1ea9m t\u1ed1t v\u00e0 h\u1ea1n ch\u1ebf cong v\u00eanh trong \u0111i\u1ec1u ki\u1ec7n kh\u00ed h\u1eadu n\u00f3ng \u1ea9m. B\u1ec1 m\u1eb7t Melamine gi\u00fap ch\u1ed1ng tr\u1ea7y x\u01b0\u1edbc, d\u1ec5 v\u1ec7 sinh v\u00e0 gi\u1eef m\u00e0u s\u1eafc \u1ed5n \u0111\u1ecbnh theo th\u1eddi gian. Nh\u1edd ch\u1ea5t li\u1ec7u n\u00e0y, T\u1ee7 \u00e1o MHT29 lu\u00f4n \u0111\u1ea3m b\u1ea3o \u0111\u1ed9 b\u1ec1n \u0111\u1eb9p v\u00e0 ph\u00f9 h\u1ee3p v\u1edbi nhu c\u1ea7u s\u1eed d\u1ee5ng l\u00e2u d\u00e0i.<\/p>\n<p data-start=\"1851\" data-end=\"2233\">Kh\u00f4ng gian b\u00ean trong T\u1ee7 \u00e1o MHT29 \u0111\u01b0\u1ee3c thi\u1ebft k\u1ebf h\u1ee3p l\u00fd \u0111\u1ec3 t\u1ed1i \u01b0u kh\u1ea3 n\u0103ng l\u01b0u tr\u1eef trong k\u00edch th\u01b0\u1edbc nh\u1ecf. Ng\u01b0\u1eddi s\u1eed d\u1ee5ng c\u00f3 th\u1ec3 s\u1eafp x\u1ebfp qu\u1ea7n \u00e1o treo, qu\u1ea7n \u00e1o g\u1ea5p ho\u1eb7c c\u00e1c v\u1eadt d\u1ee5ng c\u00e1 nh\u00e2n m\u1ed9t c\u00e1ch g\u1ecdn g\u00e0ng. Thi\u1ebft k\u1ebf n\u00e0y gi\u00fap t\u1eadn d\u1ee5ng hi\u1ec7u qu\u1ea3 di\u1ec7n t\u00edch b\u00ean trong, \u0111\u1ed3ng th\u1eddi gi\u1eef cho kh\u00f4ng gian ph\u00f2ng ng\u1ee7 lu\u00f4n ng\u0103n n\u1eafp. Nh\u1edd b\u1ed1 c\u1ee5c khoa h\u1ecdc, T\u1ee7 \u00e1o MHT29 \u0111\u00e1p \u1ee9ng t\u1ed1t nhu c\u1ea7u l\u01b0u tr\u1eef c\u01a1 b\u1ea3n.<\/p>\n<h4 data-start=\"1851\" data-end=\"2233\"><a href=\"https:\/\/noithattheone-ht.com\/danh-muc\/gia-dinh\/tu-quan-ao\/\" target=\"_blank\" rel=\"noopener\">T\u1ee7 \u00e1o MHT29<\/a><\/h4>\n<figure id=\"attachment_8392\" aria-describedby=\"caption-attachment-8392\" style=\"width: 1024px\" class=\"wp-caption aligncenter\"><img loading=\"lazy\" decoding=\"async\" class=\"wp-image-8392 size-full\" src=\"https:\/\/noithathuuthinh.vn\/wp-content\/uploads\/2026\/04\/MHT29-3.jpg\" alt=\"T\u1ee7 \u00e1o MHT29\" width=\"1024\" height=\"768\" srcset=\"https:\/\/noithathuuthinh.vn\/wp-content\/uploads\/2026\/04\/MHT29-3.jpg 1024w, https:\/\/noithathuuthinh.vn\/wp-content\/uploads\/2026\/04\/MHT29-3-500x375.jpg 500w, https:\/\/noithathuuthinh.vn\/wp-content\/uploads\/2026\/04\/MHT29-3-300x225.jpg 300w, https:\/\/noithathuuthinh.vn\/wp-content\/uploads\/2026\/04\/MHT29-3-768x576.jpg 768w, https:\/\/noithathuuthinh.vn\/wp-content\/uploads\/2026\/04\/MHT29-3-720x540.jpg 720w, https:\/\/noithathuuthinh.vn\/wp-content\/uploads\/2026\/04\/MHT29-3-1000x750.jpg 1000w\" sizes=\"auto, (max-width: 1024px) 100vw, 1024px\" \/><figcaption id=\"caption-attachment-8392\" class=\"wp-caption-text\">T\u1ee7 \u00e1o MHT29<\/figcaption><\/figure>\n<p data-start=\"2235\" data-end=\"2562\">V\u1edbi k\u00edch th\u01b0\u1edbc W400 x D500 x H1800 mm, T\u1ee7 \u00e1o MHT29 \u0111\u1eb7c bi\u1ec7t ph\u00f9 h\u1ee3p v\u1edbi nh\u1eefng kh\u00f4ng gian ph\u00f2ng ng\u1ee7 nh\u1ecf ho\u1eb7c nh\u1eefng khu v\u1ef1c c\u1ea7n b\u1ed5 sung th\u00eam t\u1ee7 l\u01b0u tr\u1eef. Chi\u1ec1u ngang nh\u1ecf gi\u00fap ti\u1ebft ki\u1ec7m di\u1ec7n t\u00edch, trong khi chi\u1ec1u cao h\u1ee3p l\u00fd v\u1eabn \u0111\u1ea3m b\u1ea3o kh\u1ea3 n\u0103ng ch\u1ee9a \u0111\u1ed3 c\u1ea7n thi\u1ebft. Thi\u1ebft k\u1ebf n\u00e0y gi\u00fap T\u1ee7 \u00e1o MHT29 linh ho\u1ea1t trong vi\u1ec7c b\u1ed1 tr\u00ed n\u1ed9i th\u1ea5t.<\/p>\n<p data-start=\"2564\" data-end=\"2894\">Thi\u1ebft k\u1ebf t\u1ed5ng th\u1ec3 c\u1ee7a T\u1ee7 \u00e1o MHT29 mang l\u1ea1i c\u1ea3m gi\u00e1c g\u1ecdn g\u00e0ng v\u00e0 hi\u1ec7n \u0111\u1ea1i cho kh\u00f4ng gian ph\u00f2ng ng\u1ee7. \u0110\u01b0\u1eddng n\u00e9t \u0111\u01a1n gi\u1ea3n gi\u00fap s\u1ea3n ph\u1ea9m d\u1ec5 d\u00e0ng k\u1ebft h\u1ee3p v\u1edbi nhi\u1ec1u phong c\u00e1ch n\u1ed9i th\u1ea5t kh\u00e1c nhau t\u1eeb hi\u1ec7n \u0111\u1ea1i \u0111\u1ebfn c\u1ed5 \u0111i\u1ec3n ho\u1eb7c vintage. T\u1ee7 \u00e1o MHT29 kh\u00f4ng ch\u1ec9 ph\u1ee5c v\u1ee5 nhu c\u1ea7u l\u01b0u tr\u1eef m\u00e0 c\u00f2n g\u00f3p ph\u1ea7n t\u1ea1o n\u00ean s\u1ef1 h\u00e0i h\u00f2a cho t\u1ed5ng th\u1ec3 c\u0103n ph\u00f2ng.<\/p>\n<p data-start=\"2896\" data-end=\"3141\">Ngo\u00e0i ra, T\u1ee7 \u00e1o MHT29 c\u00f2n c\u00f3 \u01b0u \u0111i\u1ec3m d\u1ec5 v\u1ec7 sinh v\u00e0 b\u1ea3o qu\u1ea3n. B\u1ec1 m\u1eb7t ph\u1ee7 Melamine h\u1ea1n ch\u1ebf b\u00e1m b\u1ee5i v\u00e0 gi\u00fap lau ch\u00f9i nhanh ch\u00f3ng. K\u1ebft c\u1ea5u ch\u1eafc ch\u1eafn gi\u00fap s\u1ea3n ph\u1ea9m duy tr\u00ec \u0111\u1ed9 \u1ed5n \u0111\u1ecbnh trong qu\u00e1 tr\u00ecnh s\u1eed d\u1ee5ng l\u00e2u d\u00e0i, \u0111\u1ea3m b\u1ea3o hi\u1ec7u qu\u1ea3 s\u1eed d\u1ee5ng b\u1ec1n v\u1eefng.<\/p>\n<p data-start=\"3143\" data-end=\"3338\" data-is-last-node=\"\" data-is-only-node=\"\">T\u1ee7 \u00e1o MHT29 l\u00e0 s\u1ef1 k\u1ebft h\u1ee3p gi\u1eefa thi\u1ebft k\u1ebf \u0111\u01a1n gi\u1ea3n, ch\u1ea5t li\u1ec7u b\u1ec1n b\u1ec9 v\u00e0 c\u00f4ng n\u0103ng s\u1eed d\u1ee5ng hi\u1ec7u qu\u1ea3, ph\u00f9 h\u1ee3p v\u1edbi nhi\u1ec1u kh\u00f4ng gian ph\u00f2ng ng\u1ee7 hi\u1ec7n \u0111\u1ea1i, mang l\u1ea1i gi\u1ea3i ph\u00e1p l\u01b0u tr\u1eef ti\u1ec7n nghi v\u00e0 th\u1ea9m m\u1ef9.<\/p>\n","protected":false},"excerpt":{"rendered":"<p data-start=\"46\" data-end=\"446\">T\u1ee7 \u00e1o MHT29 l\u00e0 m\u1eabu t\u1ee7 qu\u1ea7n \u00e1o thi\u1ebft k\u1ebf nh\u1ecf g\u1ecdn theo phong c\u00e1ch \u0111\u01a1n gi\u1ea3n, ph\u00f9 h\u1ee3p v\u1edbi nhi\u1ec1u kh\u00f4ng gian ph\u00f2ng ng\u1ee7 kh\u00e1c nhau. S\u1ea3n ph\u1ea9m \u0111\u01b0\u1ee3c s\u1ea3n xu\u1ea5t t\u1eeb g\u1ed7 MDF c\u1ed1t l\u00f5i xanh ch\u1ed1ng \u1ea9m ph\u1ee7 Melamine cao c\u1ea5p, mang l\u1ea1i \u0111\u1ed9 b\u1ec1n cao, kh\u1ea3 n\u0103ng ch\u1ed1ng tr\u1ea7y x\u01b0\u1edbc v\u00e0 h\u1ea1n ch\u1ebf cong v\u00eanh trong qu\u00e1 tr\u00ecnh s\u1eed d\u1ee5ng. T\u1ee7 c\u00f3 k\u1ebft c\u1ea5u ch\u1eafc ch\u1eafn, gi\u00fap t\u1ed1i \u01b0u kh\u00f4ng gian l\u01b0u tr\u1eef qu\u1ea7n \u00e1o v\u00e0 c\u00e1c v\u1eadt d\u1ee5ng c\u00e1 nh\u00e2n trong di\u1ec7n t\u00edch nh\u1ecf.<\/p>\n<p><span style=\"color: #ed1c24;\"><em>M\u00e0u g\u1ed7 tu\u1ef3 ch\u1ecdn theo y\u00eau c\u1ea7u c\u1ee7a kh\u00e1ch h\u00e0ng.<\/em><\/span><\/p>\n<p data-start=\"448\" data-end=\"739\">K\u00edch th\u01b0\u1edbc: W400 x D500 x H1800 mm<br data-start=\"482\" data-end=\"485\" \/>Xu\u1ea5t x\u1ee9: S\u1ea3n ph\u1ea9m c\u1ee7a <strong>C\u00d4NG TY TNHH SXTM TTNT H\u1eeeU TH\u1ecaNH.<\/strong><br data-start=\"540\" data-end=\"543\" \/>B\u1ea3o h\u00e0nh: 12 th\u00e1ng theo ti\u00eau chu\u1ea9n nh\u00e0 m\u00e1y.<br data-start=\"586\" data-end=\"589\" \/><span style=\"color: #ed1c24;\"><em>L\u01b0u \u00fd: Gi\u00e1 tr\u00ean ch\u01b0a bao g\u1ed3m VAT v\u00e0 ph\u00ed v\u1eadn chuy\u1ec3n. Gi\u00e1 s\u1ea3n ph\u1ea9m c\u00f3 th\u1ec3 thay \u0111\u1ed5i theo t\u1eebng th\u1eddi \u0111i\u1ec3m, vui l\u00f2ng li\u00ean h\u1ec7 \u0111\u1ec3 nh\u1eadn t\u01b0 v\u1ea5n \u01b0u \u0111\u00e3i t\u1ed1t nh\u1ea5t.<\/em><\/span><\/p>\n","protected":false},"featured_media":8390,"comment_status":"open","ping_status":"closed","template":"","meta":[],"product_brand":[],"product_cat":[18,411],"product_tag":[],"class_list":{"0":"post-8389","1":"product","2":"type-product","3":"status-publish","4":"has-post-thumbnail","6":"product_cat-noi-that-gia-dinh","7":"product_cat-tu-ao","9":"first","10":"instock","11":"shipping-taxable","12":"purchasable","13":"product-type-simple"},"_links":{"self":[{"href":"https:\/\/noithathuuthinh.vn\/zh-hans\/wp-json\/wp\/v2\/product\/8389","targetHints":{"allow":["GET"]}}],"collection":[{"href":"https:\/\/noithathuuthinh.vn\/zh-hans\/wp-json\/wp\/v2\/product"}],"about":[{"href":"https:\/\/noithathuuthinh.vn\/zh-hans\/wp-json\/wp\/v2\/types\/product"}],"replies":[{"embeddable":true,"href":"https:\/\/noithathuuthinh.vn\/zh-hans\/wp-json\/wp\/v2\/comments?post=8389"}],"wp:featuredmedia":[{"embeddable":true,"href":"https:\/\/noithathuuthinh.vn\/zh-hans\/wp-json\/wp\/v2\/media\/8390"}],"wp:attachment":[{"href":"https:\/\/noithathuuthinh.vn\/zh-hans\/wp-json\/wp\/v2\/media?parent=8389"}],"wp:term":[{"taxonomy":"product_brand","embeddable":true,"href":"https:\/\/noithathuuthinh.vn\/zh-hans\/wp-json\/wp\/v2\/product_brand?post=8389"},{"taxonomy":"product_cat","embeddable":true,"href":"https:\/\/noithathuuthinh.vn\/zh-hans\/wp-json\/wp\/v2\/product_cat?post=8389"},{"taxonomy":"product_tag","embeddable":true,"href":"https:\/\/noithathuuthinh.vn\/zh-hans\/wp-json\/wp\/v2\/product_tag?post=8389"}],"curies":[{"name":"wp","href":"https:\/\/api.w.org\/{rel}","templated":true}]}}