{"id":8458,"date":"2026-04-10T10:41:40","date_gmt":"2026-04-10T03:41:40","guid":{"rendered":"https:\/\/noithathuuthinh.vn\/?post_type=product&#038;p=8458"},"modified":"2026-04-10T10:41:40","modified_gmt":"2026-04-10T03:41:40","slug":"tu-quan-ao-nht01","status":"publish","type":"product","link":"https:\/\/noithathuuthinh.vn\/zh-hans\/san-pham\/tu-quan-ao-nht01\/","title":{"rendered":"T\u1ee7 qu\u1ea7n \u00e1o NHT01"},"content":{"rendered":"<p data-start=\"834\" data-end=\"1236\"><a href=\"https:\/\/noithathuuthinh.vn\/danh-muc-san-pham\/noi-that-gia-dinh\/tu-ao\/\">T\u1ee7 qu\u1ea7n \u00e1o NHT01<\/a> l\u00e0 m\u1eabu t\u1ee7 qu\u1ea7n \u00e1o nh\u1ecf g\u1ecdn \u0111\u01b0\u1ee3c thi\u1ebft k\u1ebf nh\u1eb1m \u0111\u00e1p \u1ee9ng nhu c\u1ea7u l\u01b0u tr\u1eef c\u01a1 b\u1ea3n trong nh\u1eefng kh\u00f4ng gian ph\u00f2ng ng\u1ee7 c\u00f3 di\u1ec7n t\u00edch h\u1ea1n ch\u1ebf. V\u1edbi ki\u1ec3u d\u00e1ng \u0111\u01a1n gi\u1ea3n v\u00e0 k\u00edch th\u01b0\u1edbc th\u1ea5p, T\u1ee7 qu\u1ea7n \u00e1o NHT01 mang \u0111\u1ebfn s\u1ef1 ti\u1ec7n d\u1ee5ng \u0111\u1ed3ng th\u1eddi gi\u00fap kh\u00f4ng gian s\u1ed1ng tr\u1edf n\u00ean g\u1ecdn g\u00e0ng v\u00e0 ng\u0103n n\u1eafp h\u01a1n. S\u1ea3n ph\u1ea9m ph\u00f9 h\u1ee3p v\u1edbi nhi\u1ec1u kh\u00f4ng gian nh\u01b0 ph\u00f2ng ng\u1ee7 nh\u1ecf, ph\u00f2ng tr\u1ebb em ho\u1eb7c s\u1eed d\u1ee5ng b\u1ed5 sung trong h\u1ec7 t\u1ee7 l\u1edbn.<\/p>\n<p data-start=\"1238\" data-end=\"1545\">\u0110i\u1ec3m n\u1ed5i b\u1eadt c\u1ee7a T\u1ee7 qu\u1ea7n \u00e1o NHT01 n\u1eb1m \u1edf thi\u1ebft k\u1ebf nh\u1ecf g\u1ecdn nh\u01b0ng v\u1eabn \u0111\u1ea3m b\u1ea3o t\u00ednh th\u1ea9m m\u1ef9. C\u00e1c \u0111\u01b0\u1eddng n\u00e9t \u0111\u01b0\u1ee3c t\u1ed1i gi\u1ea3n gi\u00fap s\u1ea3n ph\u1ea9m d\u1ec5 d\u00e0ng k\u1ebft h\u1ee3p v\u1edbi nhi\u1ec1u phong c\u00e1ch n\u1ed9i th\u1ea5t kh\u00e1c nhau. Nh\u1edd ki\u1ec3u d\u00e1ng c\u00e2n \u0111\u1ed1i, T\u1ee7 qu\u1ea7n \u00e1o NHT01 c\u00f3 th\u1ec3 b\u1ed1 tr\u00ed linh ho\u1ea1t trong ph\u00f2ng ng\u1ee7 m\u00e0 kh\u00f4ng chi\u1ebfm nhi\u1ec1u di\u1ec7n t\u00edch s\u1eed d\u1ee5ng.<\/p>\n<p data-start=\"1547\" data-end=\"1942\">T\u1ee7 qu\u1ea7n \u00e1o NHT01 \u0111\u01b0\u1ee3c s\u1ea3n xu\u1ea5t t\u1eeb g\u1ed7 c\u00f4ng nghi\u1ec7p MDF ch\u1ed1ng \u1ea9m ph\u1ee7 Melamine cao c\u1ea5p. \u0110\u00e2y l\u00e0 v\u1eadt li\u1ec7u c\u00f3 \u0111\u1ed9 b\u1ec1n cao, kh\u1ea3 n\u0103ng ch\u1ed1ng tr\u1ea7y x\u01b0\u1edbc t\u1ed1t v\u00e0 h\u1ea1n ch\u1ebf cong v\u00eanh trong \u0111i\u1ec1u ki\u1ec7n s\u1eed d\u1ee5ng l\u00e2u d\u00e0i. B\u1ec1 m\u1eb7t Melamine gi\u00fap s\u1ea3n ph\u1ea9m d\u1ec5 v\u1ec7 sinh, ch\u1ed1ng b\u00e1m b\u1ee5i v\u00e0 gi\u1eef m\u00e0u s\u1eafc \u1ed5n \u0111\u1ecbnh theo th\u1eddi gian. Nh\u1edd ch\u1ea5t li\u1ec7u b\u1ec1n b\u1ec9, T\u1ee7 qu\u1ea7n \u00e1o NHT01 \u0111\u1ea3m b\u1ea3o \u0111\u1ed9 b\u1ec1n \u0111\u1eb9p v\u00e0 ph\u00f9 h\u1ee3p v\u1edbi nhu c\u1ea7u s\u1eed d\u1ee5ng th\u01b0\u1eddng xuy\u00ean.<\/p>\n<p data-start=\"1944\" data-end=\"2304\">Kh\u00f4ng gian b\u00ean trong T\u1ee7 qu\u1ea7n \u00e1o NHT01 \u0111\u01b0\u1ee3c thi\u1ebft k\u1ebf h\u1ee3p l\u00fd nh\u1eb1m t\u1ed1i \u01b0u di\u1ec7n t\u00edch l\u01b0u tr\u1eef. Ng\u01b0\u1eddi s\u1eed d\u1ee5ng c\u00f3 th\u1ec3 s\u1eafp x\u1ebfp qu\u1ea7n \u00e1o g\u1ea5p, ph\u1ee5 ki\u1ec7n ho\u1eb7c c\u00e1c v\u1eadt d\u1ee5ng c\u00e1 nh\u00e2n m\u1ed9t c\u00e1ch g\u1ecdn g\u00e0ng. Thi\u1ebft k\u1ebf n\u00e0y gi\u00fap t\u1eadn d\u1ee5ng hi\u1ec7u qu\u1ea3 kh\u00f4ng gian b\u00ean trong, \u0111\u1ed3ng th\u1eddi gi\u1eef cho ph\u00f2ng ng\u1ee7 lu\u00f4n ng\u0103n n\u1eafp. Nh\u1edd b\u1ed1 c\u1ee5c khoa h\u1ecdc, T\u1ee7 qu\u1ea7n \u00e1o NHT01 \u0111\u00e1p \u1ee9ng t\u1ed1t nhu c\u1ea7u l\u01b0u tr\u1eef c\u01a1 b\u1ea3n.<\/p>\n<h4 data-start=\"1944\" data-end=\"2304\"><a href=\"https:\/\/noithattheone-ht.com\/danh-muc\/gia-dinh\/tu-quan-ao\/\" target=\"_blank\" rel=\"noopener\">T\u1ee7 qu\u1ea7n \u00e1o NHT01<\/a><\/h4>\n<figure id=\"attachment_8461\" aria-describedby=\"caption-attachment-8461\" style=\"width: 1024px\" class=\"wp-caption aligncenter\"><img loading=\"lazy\" decoding=\"async\" class=\"wp-image-8461 size-full\" src=\"https:\/\/noithathuuthinh.vn\/wp-content\/uploads\/2026\/04\/NHT01-2.jpg\" alt=\"T\u1ee7 qu\u1ea7n \u00e1o NHT01\" width=\"1024\" height=\"768\" srcset=\"https:\/\/noithathuuthinh.vn\/wp-content\/uploads\/2026\/04\/NHT01-2.jpg 1024w, https:\/\/noithathuuthinh.vn\/wp-content\/uploads\/2026\/04\/NHT01-2-500x375.jpg 500w, https:\/\/noithathuuthinh.vn\/wp-content\/uploads\/2026\/04\/NHT01-2-300x225.jpg 300w, https:\/\/noithathuuthinh.vn\/wp-content\/uploads\/2026\/04\/NHT01-2-768x576.jpg 768w, https:\/\/noithathuuthinh.vn\/wp-content\/uploads\/2026\/04\/NHT01-2-720x540.jpg 720w, https:\/\/noithathuuthinh.vn\/wp-content\/uploads\/2026\/04\/NHT01-2-1000x750.jpg 1000w\" sizes=\"auto, (max-width: 1024px) 100vw, 1024px\" \/><figcaption id=\"caption-attachment-8461\" class=\"wp-caption-text\">T\u1ee7 qu\u1ea7n \u00e1o NHT01<\/figcaption><\/figure>\n<p data-start=\"2306\" data-end=\"2648\">V\u1edbi k\u00edch th\u01b0\u1edbc W900 x D450 x H1250 mm, T\u1ee7 qu\u1ea7n \u00e1o NHT01 ph\u00f9 h\u1ee3p v\u1edbi nh\u1eefng kh\u00f4ng gian ph\u00f2ng ng\u1ee7 nh\u1ecf ho\u1eb7c nh\u1eefng khu v\u1ef1c c\u1ea7n b\u1ed5 sung th\u00eam t\u1ee7 l\u01b0u tr\u1eef th\u1ea5p. Chi\u1ec1u cao v\u1eeba ph\u1ea3i gi\u00fap d\u1ec5 d\u00e0ng s\u1eed d\u1ee5ng v\u00e0 thu\u1eadn ti\u1ec7n khi b\u1ed1 tr\u00ed trong nhi\u1ec1u v\u1ecb tr\u00ed kh\u00e1c nhau. Thi\u1ebft k\u1ebf n\u00e0y gi\u00fap T\u1ee7 qu\u1ea7n \u00e1o NHT01 linh ho\u1ea1t trong vi\u1ec7c k\u1ebft h\u1ee3p v\u1edbi c\u00e1c s\u1ea3n ph\u1ea9m n\u1ed9i th\u1ea5t kh\u00e1c.<\/p>\n<p data-start=\"2650\" data-end=\"2986\">Thi\u1ebft k\u1ebf t\u1ed5ng th\u1ec3 c\u1ee7a T\u1ee7 qu\u1ea7n \u00e1o NHT01 mang l\u1ea1i c\u1ea3m gi\u00e1c hi\u1ec7n \u0111\u1ea1i v\u00e0 g\u1ecdn g\u00e0ng cho kh\u00f4ng gian ph\u00f2ng ng\u1ee7. Ki\u1ec3u d\u00e1ng \u0111\u01a1n gi\u1ea3n gi\u00fap s\u1ea3n ph\u1ea9m d\u1ec5 d\u00e0ng k\u1ebft h\u1ee3p v\u1edbi nhi\u1ec1u lo\u1ea1i n\u1ed9i th\u1ea5t nh\u01b0 gi\u01b0\u1eddng ng\u1ee7, b\u00e0n trang \u0111i\u1ec3m ho\u1eb7c k\u1ec7 trang tr\u00ed. T\u1ee7 qu\u1ea7n \u00e1o NHT01 kh\u00f4ng ch\u1ec9 ph\u1ee5c v\u1ee5 nhu c\u1ea7u l\u01b0u tr\u1eef m\u00e0 c\u00f2n g\u00f3p ph\u1ea7n t\u1ea1o n\u00ean s\u1ef1 h\u00e0i h\u00f2a cho t\u1ed5ng th\u1ec3 c\u0103n ph\u00f2ng.<\/p>\n<p data-start=\"2988\" data-end=\"3243\">Ngo\u00e0i ra, T\u1ee7 qu\u1ea7n \u00e1o NHT01 c\u00f2n c\u00f3 \u01b0u \u0111i\u1ec3m d\u1ec5 v\u1ec7 sinh v\u00e0 b\u1ea3o qu\u1ea3n. B\u1ec1 m\u1eb7t ph\u1ee7 Melamine gi\u00fap lau ch\u00f9i nhanh ch\u00f3ng v\u00e0 h\u1ea1n ch\u1ebf b\u00e1m b\u1ee5i. K\u1ebft c\u1ea5u ch\u1eafc ch\u1eafn gi\u00fap s\u1ea3n ph\u1ea9m gi\u1eef \u0111\u01b0\u1ee3c \u0111\u1ed9 \u1ed5n \u0111\u1ecbnh trong qu\u00e1 tr\u00ecnh s\u1eed d\u1ee5ng l\u00e2u d\u00e0i, ph\u00f9 h\u1ee3p v\u1edbi nhu c\u1ea7u s\u1eed d\u1ee5ng h\u1eb1ng ng\u00e0y.<\/p>\n<p data-start=\"3245\" data-end=\"3445\" data-is-last-node=\"\" data-is-only-node=\"\">T\u1ee7 qu\u1ea7n \u00e1o NHT01 l\u00e0 s\u1ef1 k\u1ebft h\u1ee3p gi\u1eefa thi\u1ebft k\u1ebf \u0111\u01a1n gi\u1ea3n, ch\u1ea5t li\u1ec7u b\u1ec1n b\u1ec9 v\u00e0 c\u00f4ng n\u0103ng s\u1eed d\u1ee5ng hi\u1ec7u qu\u1ea3, ph\u00f9 h\u1ee3p v\u1edbi nhi\u1ec1u kh\u00f4ng gian ph\u00f2ng ng\u1ee7 hi\u1ec7n \u0111\u1ea1i, mang l\u1ea1i gi\u1ea3i ph\u00e1p l\u01b0u tr\u1eef ti\u1ec7n nghi v\u00e0 th\u1ea9m m\u1ef9.<img loading=\"lazy\" decoding=\"async\" class=\"aligncenter size-full wp-image-8461\" src=\"https:\/\/noithathuuthinh.vn\/wp-content\/uploads\/2026\/04\/NHT01-2.jpg\" alt=\"\" width=\"1024\" height=\"768\" srcset=\"https:\/\/noithathuuthinh.vn\/wp-content\/uploads\/2026\/04\/NHT01-2.jpg 1024w, https:\/\/noithathuuthinh.vn\/wp-content\/uploads\/2026\/04\/NHT01-2-500x375.jpg 500w, https:\/\/noithathuuthinh.vn\/wp-content\/uploads\/2026\/04\/NHT01-2-300x225.jpg 300w, https:\/\/noithathuuthinh.vn\/wp-content\/uploads\/2026\/04\/NHT01-2-768x576.jpg 768w, https:\/\/noithathuuthinh.vn\/wp-content\/uploads\/2026\/04\/NHT01-2-720x540.jpg 720w, https:\/\/noithathuuthinh.vn\/wp-content\/uploads\/2026\/04\/NHT01-2-1000x750.jpg 1000w\" sizes=\"auto, (max-width: 1024px) 100vw, 1024px\" \/><img loading=\"lazy\" decoding=\"async\" class=\"aligncenter size-full wp-image-8459\" src=\"https:\/\/noithathuuthinh.vn\/wp-content\/uploads\/2026\/04\/NHT01.jpg\" alt=\"\" width=\"1024\" height=\"768\" srcset=\"https:\/\/noithathuuthinh.vn\/wp-content\/uploads\/2026\/04\/NHT01.jpg 1024w, https:\/\/noithathuuthinh.vn\/wp-content\/uploads\/2026\/04\/NHT01-500x375.jpg 500w, https:\/\/noithathuuthinh.vn\/wp-content\/uploads\/2026\/04\/NHT01-300x225.jpg 300w, https:\/\/noithathuuthinh.vn\/wp-content\/uploads\/2026\/04\/NHT01-768x576.jpg 768w, https:\/\/noithathuuthinh.vn\/wp-content\/uploads\/2026\/04\/NHT01-720x540.jpg 720w, https:\/\/noithathuuthinh.vn\/wp-content\/uploads\/2026\/04\/NHT01-1000x750.jpg 1000w\" sizes=\"auto, (max-width: 1024px) 100vw, 1024px\" \/><\/p>\n","protected":false},"excerpt":{"rendered":"<p data-start=\"51\" data-end=\"494\">T\u1ee7 qu\u1ea7n \u00e1o NHT01 l\u00e0 m\u1eabu t\u1ee7 thi\u1ebft k\u1ebf nh\u1ecf g\u1ecdn theo phong c\u00e1ch \u0111\u01a1n gi\u1ea3n, ph\u00f9 h\u1ee3p v\u1edbi nhi\u1ec1u kh\u00f4ng gian n\u1ed9i th\u1ea5t t\u1eeb hi\u1ec7n \u0111\u1ea1i \u0111\u1ebfn c\u1ed5 \u0111i\u1ec3n ho\u1eb7c vintage. S\u1ea3n ph\u1ea9m \u0111\u01b0\u1ee3c s\u1ea3n xu\u1ea5t t\u1eeb g\u1ed7 c\u00f4ng nghi\u1ec7p MDF ch\u1ed1ng \u1ea9m ph\u1ee7 Melamine cao c\u1ea5p, mang l\u1ea1i \u0111\u1ed9 b\u1ec1n cao, kh\u1ea3 n\u0103ng ch\u1ed1ng tr\u1ea7y x\u01b0\u1edbc v\u00e0 h\u1ea1n ch\u1ebf cong v\u00eanh trong qu\u00e1 tr\u00ecnh s\u1eed d\u1ee5ng. K\u1ebft c\u1ea5u ch\u1eafc ch\u1eafn gi\u00fap t\u1ed1i \u01b0u kh\u00f4ng gian l\u01b0u tr\u1eef qu\u1ea7n \u00e1o v\u00e0 c\u00e1c v\u1eadt d\u1ee5ng c\u00e1 nh\u00e2n, \u0111\u1ed3ng th\u1eddi t\u1ea1o \u0111i\u1ec3m nh\u1ea5n g\u1ecdn g\u00e0ng cho ph\u00f2ng ng\u1ee7.<\/p>\n<p><span style=\"color: #ed1c24;\"><em>M\u00e0u g\u1ed7 tu\u1ef3 ch\u1ecdn theo y\u00eau c\u1ea7u c\u1ee7a kh\u00e1ch h\u00e0ng.<\/em><\/span><\/p>\n<p data-start=\"496\" data-end=\"787\">K\u00edch th\u01b0\u1edbc: W900 x D450 x H1250 mm<br data-start=\"530\" data-end=\"533\" \/>Xu\u1ea5t x\u1ee9: S\u1ea3n ph\u1ea9m c\u1ee7a <strong>C\u00d4NG TY TNHH SXTM TTNT H\u1eeeU TH\u1ecaNH.<\/strong><br data-start=\"588\" data-end=\"591\" \/>B\u1ea3o h\u00e0nh: 12 th\u00e1ng theo ti\u00eau chu\u1ea9n nh\u00e0 m\u00e1y.<br data-start=\"634\" data-end=\"637\" \/><span style=\"color: #ed1c24;\"><em>L\u01b0u \u00fd: Gi\u00e1 tr\u00ean ch\u01b0a bao g\u1ed3m VAT v\u00e0 ph\u00ed v\u1eadn chuy\u1ec3n. Gi\u00e1 s\u1ea3n ph\u1ea9m c\u00f3 th\u1ec3 thay \u0111\u1ed5i theo t\u1eebng th\u1eddi \u0111i\u1ec3m, vui l\u00f2ng li\u00ean h\u1ec7 \u0111\u1ec3 nh\u1eadn t\u01b0 v\u1ea5n \u01b0u \u0111\u00e3i t\u1ed1t nh\u1ea5t.<\/em><\/span><\/p>\n","protected":false},"featured_media":8459,"comment_status":"open","ping_status":"closed","template":"","meta":[],"product_brand":[],"product_cat":[18,411],"product_tag":[],"class_list":{"0":"post-8458","1":"product","2":"type-product","3":"status-publish","4":"has-post-thumbnail","6":"product_cat-noi-that-gia-dinh","7":"product_cat-tu-ao","9":"first","10":"instock","11":"shipping-taxable","12":"purchasable","13":"product-type-simple"},"_links":{"self":[{"href":"https:\/\/noithathuuthinh.vn\/zh-hans\/wp-json\/wp\/v2\/product\/8458","targetHints":{"allow":["GET"]}}],"collection":[{"href":"https:\/\/noithathuuthinh.vn\/zh-hans\/wp-json\/wp\/v2\/product"}],"about":[{"href":"https:\/\/noithathuuthinh.vn\/zh-hans\/wp-json\/wp\/v2\/types\/product"}],"replies":[{"embeddable":true,"href":"https:\/\/noithathuuthinh.vn\/zh-hans\/wp-json\/wp\/v2\/comments?post=8458"}],"wp:featuredmedia":[{"embeddable":true,"href":"https:\/\/noithathuuthinh.vn\/zh-hans\/wp-json\/wp\/v2\/media\/8459"}],"wp:attachment":[{"href":"https:\/\/noithathuuthinh.vn\/zh-hans\/wp-json\/wp\/v2\/media?parent=8458"}],"wp:term":[{"taxonomy":"product_brand","embeddable":true,"href":"https:\/\/noithathuuthinh.vn\/zh-hans\/wp-json\/wp\/v2\/product_brand?post=8458"},{"taxonomy":"product_cat","embeddable":true,"href":"https:\/\/noithathuuthinh.vn\/zh-hans\/wp-json\/wp\/v2\/product_cat?post=8458"},{"taxonomy":"product_tag","embeddable":true,"href":"https:\/\/noithathuuthinh.vn\/zh-hans\/wp-json\/wp\/v2\/product_tag?post=8458"}],"curies":[{"name":"wp","href":"https:\/\/api.w.org\/{rel}","templated":true}]}}