{"id":8653,"date":"2026-04-15T09:47:25","date_gmt":"2026-04-15T02:47:25","guid":{"rendered":"https:\/\/noithathuuthinh.vn\/?post_type=product&#038;p=8653"},"modified":"2026-04-15T09:47:25","modified_gmt":"2026-04-15T02:47:25","slug":"tu-giay-ght31","status":"publish","type":"product","link":"https:\/\/noithathuuthinh.vn\/zh-hans\/san-pham\/tu-giay-ght31\/","title":{"rendered":"T\u1ee7 gi\u00e0y GHT31"},"content":{"rendered":"<p data-start=\"834\" data-end=\"1243\"><a href=\"https:\/\/noithathuuthinh.vn\/danh-muc-san-pham\/noi-that-gia-dinh\/tu-giay\/\">T\u1ee7 gi\u00e0y GHT31<\/a> l\u00e0 m\u1eabu k\u1ec7 t\u1ee7 gi\u00e0y d\u00e9p k\u1ebft h\u1ee3p v\u00e1ch ng\u0103n ph\u00f2ng kh\u00e1ch \u0111\u01b0\u1ee3c thi\u1ebft k\u1ebf theo phong c\u00e1ch hi\u1ec7n \u0111\u1ea1i, mang \u0111\u1ebfn gi\u1ea3i ph\u00e1p l\u01b0u tr\u1eef v\u00e0 ph\u00e2n chia kh\u00f4ng gian hi\u1ec7u qu\u1ea3. V\u1edbi thi\u1ebft k\u1ebf \u0111a n\u0103ng, T\u1ee7 gi\u00e0y GHT31 kh\u00f4ng ch\u1ec9 gi\u00fap s\u1eafp x\u1ebfp gi\u00e0y d\u00e9p g\u1ecdn g\u00e0ng m\u00e0 c\u00f2n \u0111\u00f3ng vai tr\u00f2 nh\u01b0 m\u1ed9t v\u00e1ch ng\u0103n tinh t\u1ebf gi\u1eefa c\u00e1c khu v\u1ef1c trong nh\u00e0. S\u1ea3n ph\u1ea9m ph\u00f9 h\u1ee3p v\u1edbi c\u0103n h\u1ed9 chung c\u01b0, nh\u00e0 ph\u1ed1 ho\u1eb7c kh\u00f4ng gian c\u1ea7n ph\u00e2n chia khu v\u1ef1c h\u1ee3p l\u00fd.<\/p>\n<p data-start=\"1245\" data-end=\"1585\">\u0110i\u1ec3m n\u1ed5i b\u1eadt c\u1ee7a T\u1ee7 gi\u00e0y GHT31 n\u1eb1m \u1edf thi\u1ebft k\u1ebf k\u1ebft h\u1ee3p gi\u1eefa t\u1ee7 gi\u00e0y v\u00e0 v\u00e1ch ng\u0103n trang tr\u00ed. C\u00e1c t\u1ea7ng k\u1ec7 gi\u00fap ph\u00e2n lo\u1ea1i gi\u00e0y d\u00e9p r\u00f5 r\u00e0ng, trong khi c\u00e1c \u00f4 k\u1ec7 m\u1edf c\u00f3 th\u1ec3 d\u00f9ng \u0111\u1ec3 tr\u01b0ng b\u00e0y \u0111\u1ed3 trang tr\u00ed, s\u00e1ch ho\u1eb7c v\u1eadt d\u1ee5ng c\u00e1 nh\u00e2n. Nh\u1edd c\u1ea5u tr\u00fac th\u00f4ng minh, T\u1ee7 gi\u00e0y GHT31 v\u1eeba \u0111\u1ea3m b\u1ea3o c\u00f4ng n\u0103ng l\u01b0u tr\u1eef v\u1eeba t\u1ea1o \u0111i\u1ec3m nh\u1ea5n th\u1ea9m m\u1ef9 cho kh\u00f4ng gian s\u1ed1ng.<\/p>\n<p data-start=\"1587\" data-end=\"1976\">T\u1ee7 gi\u00e0y GHT31 \u0111\u01b0\u1ee3c s\u1ea3n xu\u1ea5t t\u1eeb g\u1ed7 c\u00f4ng nghi\u1ec7p MDF ch\u1ed1ng \u1ea9m ph\u1ee7 Melamine cao c\u1ea5p. \u0110\u00e2y l\u00e0 v\u1eadt li\u1ec7u c\u00f3 \u0111\u1ed9 b\u1ec1n cao, kh\u1ea3 n\u0103ng ch\u1ed1ng tr\u1ea7y x\u01b0\u1edbc t\u1ed1t v\u00e0 h\u1ea1n ch\u1ebf cong v\u00eanh trong \u0111i\u1ec1u ki\u1ec7n s\u1eed d\u1ee5ng l\u00e2u d\u00e0i. B\u1ec1 m\u1eb7t ph\u1ee7 Melamine gi\u00fap ch\u1ed1ng b\u00e1m b\u1ee5i, d\u1ec5 v\u1ec7 sinh v\u00e0 gi\u1eef m\u00e0u s\u1eafc \u1ed5n \u0111\u1ecbnh theo th\u1eddi gian. Nh\u1edd ch\u1ea5t li\u1ec7u b\u1ec1n b\u1ec9, T\u1ee7 gi\u00e0y GHT31 lu\u00f4n \u0111\u1ea3m b\u1ea3o \u0111\u1ed9 b\u1ec1n \u0111\u1eb9p v\u00e0 ph\u00f9 h\u1ee3p v\u1edbi nhu c\u1ea7u s\u1eed d\u1ee5ng th\u01b0\u1eddng xuy\u00ean.<\/p>\n<p data-start=\"1978\" data-end=\"2341\">Kh\u00f4ng gian b\u00ean trong T\u1ee7 gi\u00e0y GHT31 \u0111\u01b0\u1ee3c thi\u1ebft k\u1ebf khoa h\u1ecdc nh\u1eb1m t\u1ed1i \u01b0u kh\u1ea3 n\u0103ng l\u01b0u tr\u1eef v\u00e0 ph\u00e2n chia kh\u00f4ng gian. C\u00e1c t\u1ea7ng k\u1ec7 c\u00f3 kho\u1ea3ng c\u00e1ch h\u1ee3p l\u00fd gi\u00fap s\u1eafp x\u1ebfp nhi\u1ec1u lo\u1ea1i gi\u00e0y d\u00e9p kh\u00e1c nhau. C\u00e1c \u00f4 k\u1ec7 m\u1edf gi\u00fap t\u1ea1o s\u1ef1 th\u00f4ng tho\u00e1ng v\u00e0 t\u0103ng t\u00ednh th\u1ea9m m\u1ef9 khi s\u1eed d\u1ee5ng l\u00e0m v\u00e1ch ng\u0103n. Nh\u1edd b\u1ed1 c\u1ee5c h\u1ee3p l\u00fd, T\u1ee7 gi\u00e0y GHT31 gi\u00fap kh\u00f4ng gian s\u1ed1ng tr\u1edf n\u00ean g\u1ecdn g\u00e0ng v\u00e0 ti\u1ec7n nghi h\u01a1n.<\/p>\n<h4 data-start=\"1978\" data-end=\"2341\"><a href=\"https:\/\/noithattheone-ht.com\/danh-muc\/gia-dinh\/tu-giay\/\" target=\"_blank\" rel=\"noopener\">T\u1ee7 gi\u00e0y GHT31<\/a><\/h4>\n<figure id=\"attachment_8658\" aria-describedby=\"caption-attachment-8658\" style=\"width: 1024px\" class=\"wp-caption aligncenter\"><img loading=\"lazy\" decoding=\"async\" class=\"wp-image-8658 size-full\" src=\"https:\/\/noithathuuthinh.vn\/wp-content\/uploads\/2026\/04\/GHT31-3.jpg\" alt=\"T\u1ee7 gi\u00e0y GHT31\" width=\"1024\" height=\"768\" srcset=\"https:\/\/noithathuuthinh.vn\/wp-content\/uploads\/2026\/04\/GHT31-3.jpg 1024w, https:\/\/noithathuuthinh.vn\/wp-content\/uploads\/2026\/04\/GHT31-3-500x375.jpg 500w, https:\/\/noithathuuthinh.vn\/wp-content\/uploads\/2026\/04\/GHT31-3-300x225.jpg 300w, https:\/\/noithathuuthinh.vn\/wp-content\/uploads\/2026\/04\/GHT31-3-768x576.jpg 768w, https:\/\/noithathuuthinh.vn\/wp-content\/uploads\/2026\/04\/GHT31-3-720x540.jpg 720w, https:\/\/noithathuuthinh.vn\/wp-content\/uploads\/2026\/04\/GHT31-3-1000x750.jpg 1000w\" sizes=\"auto, (max-width: 1024px) 100vw, 1024px\" \/><figcaption id=\"caption-attachment-8658\" class=\"wp-caption-text\">T\u1ee7 gi\u00e0y GHT31<\/figcaption><\/figure>\n<p data-start=\"2343\" data-end=\"2678\">V\u1edbi k\u00edch th\u01b0\u1edbc W1190 x D350 x H2000 mm, T\u1ee7 gi\u00e0y GHT31 ph\u00f9 h\u1ee3p v\u1edbi nh\u1eefng kh\u00f4ng gian c\u1ea7n ph\u00e2n chia khu v\u1ef1c m\u00e0 v\u1eabn \u0111\u1ea3m b\u1ea3o s\u1ef1 th\u00f4ng tho\u00e1ng. Chi\u1ec1u ngang r\u1ed9ng gi\u00fap t\u0103ng kh\u1ea3 n\u0103ng l\u01b0u tr\u1eef, trong khi chi\u1ec1u cao l\u1edbn gi\u00fap t\u1eadn d\u1ee5ng t\u1ed1i \u0111a kh\u00f4ng gian theo chi\u1ec1u \u0111\u1ee9ng. Thi\u1ebft k\u1ebf n\u00e0y gi\u00fap T\u1ee7 gi\u00e0y GHT31 d\u1ec5 d\u00e0ng b\u1ed1 tr\u00ed trong nhi\u1ec1u kh\u00f4ng gian kh\u00e1c nhau.<\/p>\n<p data-start=\"2680\" data-end=\"2968\">Thi\u1ebft k\u1ebf t\u1ed5ng th\u1ec3 c\u1ee7a T\u1ee7 gi\u00e0y GHT31 mang l\u1ea1i c\u1ea3m gi\u00e1c hi\u1ec7n \u0111\u1ea1i v\u00e0 tinh t\u1ebf cho kh\u00f4ng gian s\u1ed1ng. \u0110\u01b0\u1eddng n\u00e9t \u0111\u01a1n gi\u1ea3n gi\u00fap s\u1ea3n ph\u1ea9m d\u1ec5 d\u00e0ng h\u00f2a h\u1ee3p v\u1edbi nhi\u1ec1u phong c\u00e1ch n\u1ed9i th\u1ea5t kh\u00e1c nhau. T\u1ee7 gi\u00e0y GHT31 kh\u00f4ng ch\u1ec9 gi\u00fap l\u01b0u tr\u1eef gi\u00e0y d\u00e9p m\u00e0 c\u00f2n \u0111\u00f3ng vai tr\u00f2 nh\u01b0 m\u1ed9t v\u00e1ch ng\u0103n trang tr\u00ed hi\u1ec7u qu\u1ea3.<\/p>\n<p data-start=\"2970\" data-end=\"3220\">Ngo\u00e0i ra, T\u1ee7 gi\u00e0y GHT31 c\u00f2n c\u00f3 \u01b0u \u0111i\u1ec3m d\u1ec5 v\u1ec7 sinh v\u00e0 b\u1ea3o qu\u1ea3n. B\u1ec1 m\u1eb7t Melamine gi\u00fap lau ch\u00f9i nhanh ch\u00f3ng v\u00e0 h\u1ea1n ch\u1ebf b\u00e1m b\u1ee5i. K\u1ebft c\u1ea5u ch\u1eafc ch\u1eafn gi\u00fap s\u1ea3n ph\u1ea9m duy tr\u00ec \u0111\u1ed9 \u1ed5n \u0111\u1ecbnh trong qu\u00e1 tr\u00ecnh s\u1eed d\u1ee5ng l\u00e2u d\u00e0i, ph\u00f9 h\u1ee3p v\u1edbi nhu c\u1ea7u s\u1eed d\u1ee5ng th\u01b0\u1eddng xuy\u00ean.<\/p>\n<p data-start=\"3222\" data-end=\"3420\" data-is-last-node=\"\" data-is-only-node=\"\">T\u1ee7 gi\u00e0y GHT31 l\u00e0 s\u1ef1 k\u1ebft h\u1ee3p gi\u1eefa thi\u1ebft k\u1ebf \u0111\u01a1n gi\u1ea3n, ch\u1ea5t li\u1ec7u b\u1ec1n b\u1ec9 v\u00e0 c\u00f4ng n\u0103ng s\u1eed d\u1ee5ng linh ho\u1ea1t, ph\u00f9 h\u1ee3p v\u1edbi nhi\u1ec1u kh\u00f4ng gian ph\u00f2ng ng\u1ee7 hi\u1ec7n \u0111\u1ea1i, mang l\u1ea1i gi\u1ea3i ph\u00e1p l\u01b0u tr\u1eef ti\u1ec7n nghi v\u00e0 th\u1ea9m m\u1ef9.<img loading=\"lazy\" decoding=\"async\" class=\"aligncenter size-full wp-image-8660\" src=\"https:\/\/noithathuuthinh.vn\/wp-content\/uploads\/2026\/04\/GHT31-2.jpg\" alt=\"\" width=\"1024\" height=\"768\" srcset=\"https:\/\/noithathuuthinh.vn\/wp-content\/uploads\/2026\/04\/GHT31-2.jpg 1024w, https:\/\/noithathuuthinh.vn\/wp-content\/uploads\/2026\/04\/GHT31-2-500x375.jpg 500w, https:\/\/noithathuuthinh.vn\/wp-content\/uploads\/2026\/04\/GHT31-2-300x225.jpg 300w, https:\/\/noithathuuthinh.vn\/wp-content\/uploads\/2026\/04\/GHT31-2-768x576.jpg 768w, https:\/\/noithathuuthinh.vn\/wp-content\/uploads\/2026\/04\/GHT31-2-720x540.jpg 720w, https:\/\/noithathuuthinh.vn\/wp-content\/uploads\/2026\/04\/GHT31-2-1000x750.jpg 1000w\" sizes=\"auto, (max-width: 1024px) 100vw, 1024px\" \/> <img loading=\"lazy\" decoding=\"async\" class=\"aligncenter size-full wp-image-8656\" src=\"https:\/\/noithathuuthinh.vn\/wp-content\/uploads\/2026\/04\/GHT31-4.jpg\" alt=\"\" width=\"1024\" height=\"768\" srcset=\"https:\/\/noithathuuthinh.vn\/wp-content\/uploads\/2026\/04\/GHT31-4.jpg 1024w, https:\/\/noithathuuthinh.vn\/wp-content\/uploads\/2026\/04\/GHT31-4-500x375.jpg 500w, https:\/\/noithathuuthinh.vn\/wp-content\/uploads\/2026\/04\/GHT31-4-300x225.jpg 300w, https:\/\/noithathuuthinh.vn\/wp-content\/uploads\/2026\/04\/GHT31-4-768x576.jpg 768w, https:\/\/noithathuuthinh.vn\/wp-content\/uploads\/2026\/04\/GHT31-4-720x540.jpg 720w, https:\/\/noithathuuthinh.vn\/wp-content\/uploads\/2026\/04\/GHT31-4-1000x750.jpg 1000w\" sizes=\"auto, (max-width: 1024px) 100vw, 1024px\" \/> <img loading=\"lazy\" decoding=\"async\" class=\"aligncenter size-full wp-image-8654\" src=\"https:\/\/noithathuuthinh.vn\/wp-content\/uploads\/2026\/04\/GHT31.jpg\" alt=\"\" width=\"1024\" height=\"768\" srcset=\"https:\/\/noithathuuthinh.vn\/wp-content\/uploads\/2026\/04\/GHT31.jpg 1024w, https:\/\/noithathuuthinh.vn\/wp-content\/uploads\/2026\/04\/GHT31-500x375.jpg 500w, https:\/\/noithathuuthinh.vn\/wp-content\/uploads\/2026\/04\/GHT31-300x225.jpg 300w, https:\/\/noithathuuthinh.vn\/wp-content\/uploads\/2026\/04\/GHT31-768x576.jpg 768w, https:\/\/noithathuuthinh.vn\/wp-content\/uploads\/2026\/04\/GHT31-720x540.jpg 720w, https:\/\/noithathuuthinh.vn\/wp-content\/uploads\/2026\/04\/GHT31-1000x750.jpg 1000w\" sizes=\"auto, (max-width: 1024px) 100vw, 1024px\" \/><\/p>\n","protected":false},"excerpt":{"rendered":"<p data-start=\"48\" data-end=\"493\">T\u1ee7 gi\u00e0y GHT31 l\u00e0 m\u1eabu k\u1ec7 t\u1ee7 gi\u00e0y d\u00e9p ki\u00eam v\u00e1ch ng\u0103n ph\u00f2ng kh\u00e1ch \u0111\u01b0\u1ee3c thi\u1ebft k\u1ebf theo phong c\u00e1ch \u0111\u01a1n gi\u1ea3n, ph\u00f9 h\u1ee3p v\u1edbi nhi\u1ec1u kh\u00f4ng gian n\u1ed9i th\u1ea5t t\u1eeb hi\u1ec7n \u0111\u1ea1i \u0111\u1ebfn c\u1ed5 \u0111i\u1ec3n ho\u1eb7c vintage. S\u1ea3n ph\u1ea9m k\u1ebft h\u1ee3p gi\u1eefa ch\u1ee9c n\u0103ng l\u01b0u tr\u1eef gi\u00e0y d\u00e9p v\u00e0 ph\u00e2n chia kh\u00f4ng gian, mang l\u1ea1i s\u1ef1 ti\u1ec7n nghi v\u00e0 t\u00ednh th\u1ea9m m\u1ef9 cao. T\u1ee7 \u0111\u01b0\u1ee3c s\u1ea3n xu\u1ea5t t\u1eeb g\u1ed7 c\u00f4ng nghi\u1ec7p MDF ch\u1ed1ng \u1ea9m ph\u1ee7 Melamine cao c\u1ea5p, gi\u00fap t\u0103ng \u0111\u1ed9 b\u1ec1n, ch\u1ed1ng tr\u1ea7y x\u01b0\u1edbc v\u00e0 h\u1ea1n ch\u1ebf cong v\u00eanh trong qu\u00e1 tr\u00ecnh s\u1eed d\u1ee5ng.<\/p>\n<p><span style=\"color: #ed1c24;\"><em>M\u00e0u g\u1ed7 tu\u1ef3 ch\u1ecdn theo y\u00eau c\u1ea7u c\u1ee7a kh\u00e1ch h\u00e0ng.<\/em><\/span><\/p>\n<p data-start=\"495\" data-end=\"787\">K\u00edch th\u01b0\u1edbc: W1190 x D350 x H2000 mm<br data-start=\"530\" data-end=\"533\" \/>Xu\u1ea5t x\u1ee9: S\u1ea3n ph\u1ea9m c\u1ee7a <strong>C\u00d4NG TY TNHH SXTM TTNT H\u1eeeU TH\u1ecaNH.<\/strong><br data-start=\"588\" data-end=\"591\" \/>B\u1ea3o h\u00e0nh: 12 th\u00e1ng theo ti\u00eau chu\u1ea9n nh\u00e0 m\u00e1y.<br data-start=\"634\" data-end=\"637\" \/><span style=\"color: #ed1c24;\"><em>L\u01b0u \u00fd: Gi\u00e1 tr\u00ean ch\u01b0a bao g\u1ed3m VAT v\u00e0 ph\u00ed v\u1eadn chuy\u1ec3n. Gi\u00e1 s\u1ea3n ph\u1ea9m c\u00f3 th\u1ec3 thay \u0111\u1ed5i theo t\u1eebng th\u1eddi \u0111i\u1ec3m, vui l\u00f2ng li\u00ean h\u1ec7 \u0111\u1ec3 nh\u1eadn t\u01b0 v\u1ea5n \u01b0u \u0111\u00e3i t\u1ed1t nh\u1ea5t.<\/em><\/span><\/p>\n","protected":false},"featured_media":8654,"comment_status":"open","ping_status":"closed","template":"","meta":[],"product_brand":[],"product_cat":[18,412],"product_tag":[],"class_list":{"0":"post-8653","1":"product","2":"type-product","3":"status-publish","4":"has-post-thumbnail","6":"product_cat-noi-that-gia-dinh","7":"product_cat-tu-giay","9":"first","10":"instock","11":"shipping-taxable","12":"purchasable","13":"product-type-simple"},"_links":{"self":[{"href":"https:\/\/noithathuuthinh.vn\/zh-hans\/wp-json\/wp\/v2\/product\/8653","targetHints":{"allow":["GET"]}}],"collection":[{"href":"https:\/\/noithathuuthinh.vn\/zh-hans\/wp-json\/wp\/v2\/product"}],"about":[{"href":"https:\/\/noithathuuthinh.vn\/zh-hans\/wp-json\/wp\/v2\/types\/product"}],"replies":[{"embeddable":true,"href":"https:\/\/noithathuuthinh.vn\/zh-hans\/wp-json\/wp\/v2\/comments?post=8653"}],"wp:featuredmedia":[{"embeddable":true,"href":"https:\/\/noithathuuthinh.vn\/zh-hans\/wp-json\/wp\/v2\/media\/8654"}],"wp:attachment":[{"href":"https:\/\/noithathuuthinh.vn\/zh-hans\/wp-json\/wp\/v2\/media?parent=8653"}],"wp:term":[{"taxonomy":"product_brand","embeddable":true,"href":"https:\/\/noithathuuthinh.vn\/zh-hans\/wp-json\/wp\/v2\/product_brand?post=8653"},{"taxonomy":"product_cat","embeddable":true,"href":"https:\/\/noithathuuthinh.vn\/zh-hans\/wp-json\/wp\/v2\/product_cat?post=8653"},{"taxonomy":"product_tag","embeddable":true,"href":"https:\/\/noithathuuthinh.vn\/zh-hans\/wp-json\/wp\/v2\/product_tag?post=8653"}],"curies":[{"name":"wp","href":"https:\/\/api.w.org\/{rel}","templated":true}]}}