{"id":8671,"date":"2026-04-15T10:45:36","date_gmt":"2026-04-15T03:45:36","guid":{"rendered":"https:\/\/noithathuuthinh.vn\/?post_type=product&#038;p=8671"},"modified":"2026-04-15T10:45:36","modified_gmt":"2026-04-15T03:45:36","slug":"tu-giay-ght33","status":"publish","type":"product","link":"https:\/\/noithathuuthinh.vn\/zh-hans\/san-pham\/tu-giay-ght33\/","title":{"rendered":"T\u1ee7 gi\u00e0y GHT33"},"content":{"rendered":"<p data-start=\"872\" data-end=\"1252\"><a href=\"https:\/\/noithathuuthinh.vn\/danh-muc-san-pham\/noi-that-gia-dinh\/tu-giay\/\">T\u1ee7 gi\u00e0y GHT33<\/a> l\u00e0 m\u1eabu t\u1ee7 g\u1ed7 \u0111\u1ef1ng gi\u00e0y cho gia \u0111\u00ecnh \u0111\u01b0\u1ee3c thi\u1ebft k\u1ebf theo phong c\u00e1ch hi\u1ec7n \u0111\u1ea1i, mang \u0111\u1ebfn gi\u1ea3i ph\u00e1p l\u01b0u tr\u1eef to\u00e0n di\u1ec7n cho khu v\u1ef1c l\u1ed1i ra v\u00e0o. V\u1edbi k\u00edch th\u01b0\u1edbc l\u1edbn c\u00f9ng b\u1ed1 c\u1ee5c khoa h\u1ecdc, T\u1ee7 gi\u00e0y GHT33 gi\u00fap s\u1eafp x\u1ebfp gi\u00e0y d\u00e9p ng\u0103n n\u1eafp, \u0111\u1ed3ng th\u1eddi t\u1ea1o \u0111i\u1ec3m nh\u1ea5n n\u1ed5i b\u1eadt cho kh\u00f4ng gian s\u1ed1ng. S\u1ea3n ph\u1ea9m \u0111\u1eb7c bi\u1ec7t ph\u00f9 h\u1ee3p v\u1edbi nh\u1eefng gia \u0111\u00ecnh c\u00f3 nhu c\u1ea7u l\u01b0u tr\u1eef l\u1edbn ho\u1eb7c kh\u00f4ng gian r\u1ed9ng.<\/p>\n<p data-start=\"1254\" data-end=\"1656\">\u0110i\u1ec3m n\u1ed5i b\u1eadt c\u1ee7a T\u1ee7 gi\u00e0y GHT33 n\u1eb1m \u1edf thi\u1ebft k\u1ebf \u0111a n\u0103ng v\u1edbi nhi\u1ec1u t\u1ea7ng k\u1ec7 k\u1ebft h\u1ee3p h\u1ed9c ng\u0103n k\u00e9o ti\u1ec7n d\u1ee5ng. C\u00e1c t\u1ea7ng k\u1ec7 \u0111\u01b0\u1ee3c b\u1ed1 tr\u00ed h\u1ee3p l\u00fd gi\u00fap ph\u00e2n lo\u1ea1i gi\u00e0y d\u00e9p theo t\u1eebng nh\u00f3m, thu\u1eadn ti\u1ec7n khi s\u1eed d\u1ee5ng h\u1eb1ng ng\u00e0y. H\u1ed9c ng\u0103n k\u00e9o h\u1ed7 tr\u1ee3 l\u01b0u tr\u1eef c\u00e1c v\u1eadt d\u1ee5ng nh\u1ecf nh\u01b0 ch\u00eca kh\u00f3a, t\u1ea5t ho\u1eb7c ph\u1ee5 ki\u1ec7n, gi\u00fap khu v\u1ef1c l\u1ed1i v\u00e0o lu\u00f4n g\u1ecdn g\u00e0ng. Nh\u1edd thi\u1ebft k\u1ebf t\u1ed1i \u01b0u, T\u1ee7 gi\u00e0y GHT33 \u0111\u00e1p \u1ee9ng t\u1ed1t nhu c\u1ea7u s\u1eed d\u1ee5ng trong gia \u0111\u00ecnh.<\/p>\n<p data-start=\"1658\" data-end=\"2025\">T\u1ee7 gi\u00e0y GHT33 \u0111\u01b0\u1ee3c s\u1ea3n xu\u1ea5t t\u1eeb g\u1ed7 c\u00f4ng nghi\u1ec7p MDF ch\u1ed1ng \u1ea9m ph\u1ee7 Melamine cao c\u1ea5p. \u0110\u00e2y l\u00e0 v\u1eadt li\u1ec7u c\u00f3 \u0111\u1ed9 b\u1ec1n cao, kh\u1ea3 n\u0103ng ch\u1ed1ng tr\u1ea7y x\u01b0\u1edbc t\u1ed1t v\u00e0 h\u1ea1n ch\u1ebf cong v\u00eanh trong \u0111i\u1ec1u ki\u1ec7n s\u1eed d\u1ee5ng l\u00e2u d\u00e0i. B\u1ec1 m\u1eb7t ph\u1ee7 Melamine gi\u00fap ch\u1ed1ng b\u00e1m b\u1ee5i, d\u1ec5 v\u1ec7 sinh v\u00e0 gi\u1eef m\u00e0u s\u1eafc b\u1ec1n \u0111\u1eb9p theo th\u1eddi gian. Nh\u1edd \u0111\u00f3, T\u1ee7 gi\u00e0y GHT33 lu\u00f4n \u0111\u1ea3m b\u1ea3o t\u00ednh th\u1ea9m m\u1ef9 v\u00e0 \u0111\u1ed9 b\u1ec1n trong qu\u00e1 tr\u00ecnh s\u1eed d\u1ee5ng.<\/p>\n<p data-start=\"2027\" data-end=\"2441\">Kh\u00f4ng gian b\u00ean trong T\u1ee7 gi\u00e0y GHT33 \u0111\u01b0\u1ee3c thi\u1ebft k\u1ebf khoa h\u1ecdc nh\u1eb1m t\u1ed1i \u01b0u kh\u1ea3 n\u0103ng l\u01b0u tr\u1eef. C\u00e1c t\u1ea7ng k\u1ec7 c\u00f3 kho\u1ea3ng c\u00e1ch ph\u00f9 h\u1ee3p gi\u00fap ch\u1ee9a \u0111\u01b0\u1ee3c nhi\u1ec1u lo\u1ea1i gi\u00e0y d\u00e9p kh\u00e1c nhau t\u1eeb gi\u00e0y th\u1ec3 thao, gi\u00e0y cao g\u00f3t \u0111\u1ebfn d\u00e9p th\u01b0\u1eddng ng\u00e0y. H\u1ec7 th\u1ed1ng ng\u0103n k\u00e9o v\u00e0 k\u1ec7 m\u1edf gi\u00fap t\u1eadn d\u1ee5ng t\u1ed1i \u0111a di\u1ec7n t\u00edch, \u0111\u1ed3ng th\u1eddi mang l\u1ea1i s\u1ef1 ti\u1ec7n l\u1ee3i trong qu\u00e1 tr\u00ecnh s\u1eed d\u1ee5ng. Nh\u1edd b\u1ed1 c\u1ee5c h\u1ee3p l\u00fd, T\u1ee7 gi\u00e0y GHT33 gi\u00fap khu v\u1ef1c l\u1ed1i v\u00e0o lu\u00f4n s\u1ea1ch s\u1ebd v\u00e0 ng\u0103n n\u1eafp.<\/p>\n<h4 data-start=\"2027\" data-end=\"2441\"><a href=\"https:\/\/noithattheone-ht.com\/danh-muc\/gia-dinh\/tu-giay\/\" target=\"_blank\" rel=\"noopener\">T\u1ee7 gi\u00e0y GHT33<\/a><\/h4>\n<figure id=\"attachment_8680\" aria-describedby=\"caption-attachment-8680\" style=\"width: 1024px\" class=\"wp-caption aligncenter\"><img loading=\"lazy\" decoding=\"async\" class=\"wp-image-8680 size-full\" src=\"https:\/\/noithathuuthinh.vn\/wp-content\/uploads\/2026\/04\/GHT33-4-1.jpg\" alt=\"T\u1ee7 gi\u00e0y GHT33\" width=\"1024\" height=\"768\" srcset=\"https:\/\/noithathuuthinh.vn\/wp-content\/uploads\/2026\/04\/GHT33-4-1.jpg 1024w, https:\/\/noithathuuthinh.vn\/wp-content\/uploads\/2026\/04\/GHT33-4-1-500x375.jpg 500w, https:\/\/noithathuuthinh.vn\/wp-content\/uploads\/2026\/04\/GHT33-4-1-300x225.jpg 300w, https:\/\/noithathuuthinh.vn\/wp-content\/uploads\/2026\/04\/GHT33-4-1-768x576.jpg 768w, https:\/\/noithathuuthinh.vn\/wp-content\/uploads\/2026\/04\/GHT33-4-1-720x540.jpg 720w, https:\/\/noithathuuthinh.vn\/wp-content\/uploads\/2026\/04\/GHT33-4-1-1000x750.jpg 1000w\" sizes=\"auto, (max-width: 1024px) 100vw, 1024px\" \/><figcaption id=\"caption-attachment-8680\" class=\"wp-caption-text\">T\u1ee7 gi\u00e0y GHT33<\/figcaption><\/figure>\n<p data-start=\"2443\" data-end=\"2755\">V\u1edbi k\u00edch th\u01b0\u1edbc W1570 x D350 x H2000 mm, T\u1ee7 gi\u00e0y GHT33 ph\u00f9 h\u1ee3p v\u1edbi nh\u1eefng kh\u00f4ng gian r\u1ed9ng c\u1ea7n h\u1ec7 t\u1ee7 l\u1edbn. Chi\u1ec1u ngang r\u1ed9ng gi\u00fap t\u0103ng dung t\u00edch l\u01b0u tr\u1eef, trong khi chi\u1ec1u cao l\u1edbn t\u1eadn d\u1ee5ng hi\u1ec7u qu\u1ea3 kh\u00f4ng gian theo chi\u1ec1u \u0111\u1ee9ng. Thi\u1ebft k\u1ebf n\u00e0y gi\u00fap T\u1ee7 gi\u00e0y GHT33 tr\u1edf th\u00e0nh l\u1ef1a ch\u1ecdn l\u00fd t\u01b0\u1edfng cho gia \u0111\u00ecnh c\u00f3 nhi\u1ec1u th\u00e0nh vi\u00ean.<\/p>\n<p data-start=\"2757\" data-end=\"3048\">Thi\u1ebft k\u1ebf t\u1ed5ng th\u1ec3 c\u1ee7a T\u1ee7 gi\u00e0y GHT33 mang l\u1ea1i c\u1ea3m gi\u00e1c hi\u1ec7n \u0111\u1ea1i v\u00e0 tinh t\u1ebf cho kh\u00f4ng gian l\u1ed1i v\u00e0o. \u0110\u01b0\u1eddng n\u00e9t \u0111\u01a1n gi\u1ea3n gi\u00fap s\u1ea3n ph\u1ea9m d\u1ec5 d\u00e0ng k\u1ebft h\u1ee3p v\u1edbi nhi\u1ec1u phong c\u00e1ch n\u1ed9i th\u1ea5t kh\u00e1c nhau. T\u1ee7 gi\u00e0y GHT33 kh\u00f4ng ch\u1ec9 \u0111\u00f3ng vai tr\u00f2 l\u01b0u tr\u1eef m\u00e0 c\u00f2n g\u00f3p ph\u1ea7n n\u00e2ng cao t\u00ednh th\u1ea9m m\u1ef9 cho kh\u00f4ng gian s\u1ed1ng.<\/p>\n<p data-start=\"3050\" data-end=\"3322\">Ngo\u00e0i ra, T\u1ee7 gi\u00e0y GHT33 c\u00f2n c\u00f3 \u01b0u \u0111i\u1ec3m d\u1ec5 v\u1ec7 sinh v\u00e0 b\u1ea3o qu\u1ea3n. B\u1ec1 m\u1eb7t Melamine gi\u00fap lau ch\u00f9i nhanh ch\u00f3ng, h\u1ea1n ch\u1ebf b\u00e1m b\u1ee5i v\u00e0 gi\u1eef s\u1ea3n ph\u1ea9m lu\u00f4n s\u1ea1ch \u0111\u1eb9p. K\u1ebft c\u1ea5u ch\u1eafc ch\u1eafn gi\u00fap t\u1ee7 duy tr\u00ec \u0111\u1ed9 \u1ed5n \u0111\u1ecbnh trong qu\u00e1 tr\u00ecnh s\u1eed d\u1ee5ng l\u00e2u d\u00e0i, ph\u00f9 h\u1ee3p v\u1edbi nhu c\u1ea7u s\u1eed d\u1ee5ng th\u01b0\u1eddng xuy\u00ean.<\/p>\n<p data-start=\"3324\" data-end=\"3519\" data-is-last-node=\"\" data-is-only-node=\"\">T\u1ee7 gi\u00e0y GHT33 l\u00e0 s\u1ef1 k\u1ebft h\u1ee3p gi\u1eefa thi\u1ebft k\u1ebf hi\u1ec7n \u0111\u1ea1i, ch\u1ea5t li\u1ec7u b\u1ec1n b\u1ec9 v\u00e0 c\u00f4ng n\u0103ng s\u1eed d\u1ee5ng t\u1ed1i \u01b0u, ph\u00f9 h\u1ee3p v\u1edbi nhi\u1ec1u kh\u00f4ng gian ph\u00f2ng ng\u1ee7 hi\u1ec7n \u0111\u1ea1i, mang l\u1ea1i gi\u1ea3i ph\u00e1p l\u01b0u tr\u1eef ti\u1ec7n nghi v\u00e0 th\u1ea9m m\u1ef9.<img loading=\"lazy\" decoding=\"async\" class=\"aligncenter size-full wp-image-8678\" src=\"https:\/\/noithathuuthinh.vn\/wp-content\/uploads\/2026\/04\/GHT33-2.jpg\" alt=\"\" width=\"1024\" height=\"768\" srcset=\"https:\/\/noithathuuthinh.vn\/wp-content\/uploads\/2026\/04\/GHT33-2.jpg 1024w, https:\/\/noithathuuthinh.vn\/wp-content\/uploads\/2026\/04\/GHT33-2-500x375.jpg 500w, https:\/\/noithathuuthinh.vn\/wp-content\/uploads\/2026\/04\/GHT33-2-300x225.jpg 300w, https:\/\/noithathuuthinh.vn\/wp-content\/uploads\/2026\/04\/GHT33-2-768x576.jpg 768w, https:\/\/noithathuuthinh.vn\/wp-content\/uploads\/2026\/04\/GHT33-2-720x540.jpg 720w, https:\/\/noithathuuthinh.vn\/wp-content\/uploads\/2026\/04\/GHT33-2-1000x750.jpg 1000w\" sizes=\"auto, (max-width: 1024px) 100vw, 1024px\" \/> <img loading=\"lazy\" decoding=\"async\" class=\"aligncenter size-full wp-image-8676\" src=\"https:\/\/noithathuuthinh.vn\/wp-content\/uploads\/2026\/04\/GHT33-3.jpg\" alt=\"\" width=\"1024\" height=\"768\" srcset=\"https:\/\/noithathuuthinh.vn\/wp-content\/uploads\/2026\/04\/GHT33-3.jpg 1024w, https:\/\/noithathuuthinh.vn\/wp-content\/uploads\/2026\/04\/GHT33-3-500x375.jpg 500w, https:\/\/noithathuuthinh.vn\/wp-content\/uploads\/2026\/04\/GHT33-3-300x225.jpg 300w, https:\/\/noithathuuthinh.vn\/wp-content\/uploads\/2026\/04\/GHT33-3-768x576.jpg 768w, https:\/\/noithathuuthinh.vn\/wp-content\/uploads\/2026\/04\/GHT33-3-720x540.jpg 720w, https:\/\/noithathuuthinh.vn\/wp-content\/uploads\/2026\/04\/GHT33-3-1000x750.jpg 1000w\" sizes=\"auto, (max-width: 1024px) 100vw, 1024px\" \/> <img loading=\"lazy\" decoding=\"async\" class=\"aligncenter size-full wp-image-8672\" src=\"https:\/\/noithathuuthinh.vn\/wp-content\/uploads\/2026\/04\/GHT33.jpg\" alt=\"\" width=\"1024\" height=\"768\" srcset=\"https:\/\/noithathuuthinh.vn\/wp-content\/uploads\/2026\/04\/GHT33.jpg 1024w, https:\/\/noithathuuthinh.vn\/wp-content\/uploads\/2026\/04\/GHT33-500x375.jpg 500w, https:\/\/noithathuuthinh.vn\/wp-content\/uploads\/2026\/04\/GHT33-300x225.jpg 300w, https:\/\/noithathuuthinh.vn\/wp-content\/uploads\/2026\/04\/GHT33-768x576.jpg 768w, https:\/\/noithathuuthinh.vn\/wp-content\/uploads\/2026\/04\/GHT33-720x540.jpg 720w, https:\/\/noithathuuthinh.vn\/wp-content\/uploads\/2026\/04\/GHT33-1000x750.jpg 1000w\" sizes=\"auto, (max-width: 1024px) 100vw, 1024px\" \/><\/p>\n","protected":false},"excerpt":{"rendered":"<p data-start=\"48\" data-end=\"531\">T\u1ee7 gi\u00e0y GHT33 l\u00e0 m\u1eabu t\u1ee7 g\u1ed7 \u0111\u1ef1ng gi\u00e0y cho gia \u0111\u00ecnh \u0111\u01b0\u1ee3c thi\u1ebft k\u1ebf theo phong c\u00e1ch hi\u1ec7n \u0111\u1ea1i, k\u1ebft h\u1ee3p \u0111\u01b0\u1eddng n\u00e9t \u0111\u01a1n gi\u1ea3n, ph\u00f9 h\u1ee3p v\u1edbi nhi\u1ec1u kh\u00f4ng gian n\u1ed9i th\u1ea5t t\u1eeb hi\u1ec7n \u0111\u1ea1i \u0111\u1ebfn c\u1ed5 \u0111i\u1ec3n ho\u1eb7c vintage. S\u1ea3n ph\u1ea9m s\u1edf h\u1eefu k\u00edch th\u01b0\u1edbc l\u1edbn c\u00f9ng nhi\u1ec1u t\u1ea7ng k\u1ec7 v\u00e0 h\u1ed9c ng\u0103n k\u00e9o ti\u1ec7n d\u1ee5ng, gi\u00fap t\u1ed5 ch\u1ee9c gi\u00e0y d\u00e9p g\u1ecdn g\u00e0ng v\u00e0 t\u1ed1i \u01b0u kh\u00f4ng gian l\u01b0u tr\u1eef. T\u1ee7 \u0111\u01b0\u1ee3c s\u1ea3n xu\u1ea5t t\u1eeb g\u1ed7 c\u00f4ng nghi\u1ec7p MDF ch\u1ed1ng \u1ea9m ph\u1ee7 Melamine cao c\u1ea5p, \u0111\u1ea3m b\u1ea3o \u0111\u1ed9 b\u1ec1n cao, ch\u1ed1ng tr\u1ea7y x\u01b0\u1edbc v\u00e0 h\u1ea1n ch\u1ebf cong v\u00eanh trong qu\u00e1 tr\u00ecnh s\u1eed d\u1ee5ng.<\/p>\n<p><span style=\"color: #ed1c24;\"><em>M\u00e0u g\u1ed7 tu\u1ef3 ch\u1ecdn theo y\u00eau c\u1ea7u c\u1ee7a kh\u00e1ch h\u00e0ng.<\/em><\/span><\/p>\n<p data-start=\"533\" data-end=\"825\">K\u00edch th\u01b0\u1edbc: W1570 x D350 x H2000 mm<br data-start=\"568\" data-end=\"571\" \/>Xu\u1ea5t x\u1ee9: S\u1ea3n ph\u1ea9m c\u1ee7a <strong>C\u00d4NG TY TNHH SXTM TTNT H\u1eeeU TH\u1ecaNH.<\/strong><br data-start=\"626\" data-end=\"629\" \/>B\u1ea3o h\u00e0nh: 12 th\u00e1ng theo ti\u00eau chu\u1ea9n nh\u00e0 m\u00e1y.<br data-start=\"672\" data-end=\"675\" \/><span style=\"color: #ed1c24;\"><em>L\u01b0u \u00fd: Gi\u00e1 tr\u00ean ch\u01b0a bao g\u1ed3m VAT v\u00e0 ph\u00ed v\u1eadn chuy\u1ec3n. Gi\u00e1 s\u1ea3n ph\u1ea9m c\u00f3 th\u1ec3 thay \u0111\u1ed5i theo t\u1eebng th\u1eddi \u0111i\u1ec3m, vui l\u00f2ng li\u00ean h\u1ec7 \u0111\u1ec3 nh\u1eadn t\u01b0 v\u1ea5n \u01b0u \u0111\u00e3i t\u1ed1t nh\u1ea5t.<\/em><\/span><\/p>\n","protected":false},"featured_media":8672,"comment_status":"open","ping_status":"closed","template":"","meta":[],"product_brand":[],"product_cat":[18,412],"product_tag":[],"class_list":{"0":"post-8671","1":"product","2":"type-product","3":"status-publish","4":"has-post-thumbnail","6":"product_cat-noi-that-gia-dinh","7":"product_cat-tu-giay","9":"first","10":"instock","11":"shipping-taxable","12":"purchasable","13":"product-type-simple"},"_links":{"self":[{"href":"https:\/\/noithathuuthinh.vn\/zh-hans\/wp-json\/wp\/v2\/product\/8671","targetHints":{"allow":["GET"]}}],"collection":[{"href":"https:\/\/noithathuuthinh.vn\/zh-hans\/wp-json\/wp\/v2\/product"}],"about":[{"href":"https:\/\/noithathuuthinh.vn\/zh-hans\/wp-json\/wp\/v2\/types\/product"}],"replies":[{"embeddable":true,"href":"https:\/\/noithathuuthinh.vn\/zh-hans\/wp-json\/wp\/v2\/comments?post=8671"}],"wp:featuredmedia":[{"embeddable":true,"href":"https:\/\/noithathuuthinh.vn\/zh-hans\/wp-json\/wp\/v2\/media\/8672"}],"wp:attachment":[{"href":"https:\/\/noithathuuthinh.vn\/zh-hans\/wp-json\/wp\/v2\/media?parent=8671"}],"wp:term":[{"taxonomy":"product_brand","embeddable":true,"href":"https:\/\/noithathuuthinh.vn\/zh-hans\/wp-json\/wp\/v2\/product_brand?post=8671"},{"taxonomy":"product_cat","embeddable":true,"href":"https:\/\/noithathuuthinh.vn\/zh-hans\/wp-json\/wp\/v2\/product_cat?post=8671"},{"taxonomy":"product_tag","embeddable":true,"href":"https:\/\/noithathuuthinh.vn\/zh-hans\/wp-json\/wp\/v2\/product_tag?post=8671"}],"curies":[{"name":"wp","href":"https:\/\/api.w.org\/{rel}","templated":true}]}}