{"id":8748,"date":"2026-04-17T13:50:52","date_gmt":"2026-04-17T06:50:52","guid":{"rendered":"https:\/\/noithathuuthinh.vn\/?post_type=product&#038;p=8748"},"modified":"2026-04-17T13:50:52","modified_gmt":"2026-04-17T06:50:52","slug":"tu-giay-ght37","status":"publish","type":"product","link":"https:\/\/noithathuuthinh.vn\/zh-hans\/san-pham\/tu-giay-ght37\/","title":{"rendered":"T\u1ee7 gi\u00e0y GHT37"},"content":{"rendered":"<p data-start=\"828\" data-end=\"1189\"><a href=\"https:\/\/noithathuuthinh.vn\/danh-muc-san-pham\/noi-that-gia-dinh\/tu-giay\/\">T\u1ee7 gi\u00e0y GHT37<\/a> l\u00e0 m\u1eabu k\u1ec7 gi\u00e0y g\u1ed7 MDF \u0111\u01b0\u1ee3c thi\u1ebft k\u1ebf theo phong c\u00e1ch \u0111\u01a1n gi\u1ea3n, mang \u0111\u1ebfn gi\u1ea3i ph\u00e1p l\u01b0u tr\u1eef ti\u1ec7n d\u1ee5ng cho khu v\u1ef1c l\u1ed1i ra v\u00e0o c\u0103n h\u1ed9. V\u1edbi k\u00edch th\u01b0\u1edbc nh\u1ecf g\u1ecdn c\u00f9ng ki\u1ec3u d\u00e1ng hi\u1ec7n \u0111\u1ea1i, T\u1ee7 gi\u00e0y GHT37 gi\u00fap s\u1eafp x\u1ebfp gi\u00e0y d\u00e9p khoa h\u1ecdc \u0111\u1ed3ng th\u1eddi ti\u1ebft ki\u1ec7m di\u1ec7n t\u00edch s\u1eed d\u1ee5ng. S\u1ea3n ph\u1ea9m ph\u00f9 h\u1ee3p v\u1edbi c\u0103n h\u1ed9 nh\u1ecf, ph\u00f2ng ng\u1ee7 ho\u1eb7c khu v\u1ef1c c\u1ea7n b\u1ed5 sung k\u1ec7 gi\u00e0y ti\u1ec7n l\u1ee3i.<\/p>\n<p data-start=\"1191\" data-end=\"1519\">\u0110i\u1ec3m n\u1ed5i b\u1eadt c\u1ee7a T\u1ee7 gi\u00e0y GHT37 n\u1eb1m \u1edf thi\u1ebft k\u1ebf g\u1ecdn g\u00e0ng nh\u01b0ng v\u1eabn \u0111\u1ea3m b\u1ea3o c\u00f4ng n\u0103ng s\u1eed d\u1ee5ng hi\u1ec7u qu\u1ea3. C\u00e1c t\u1ea7ng k\u1ec7 \u0111\u01b0\u1ee3c b\u1ed1 tr\u00ed h\u1ee3p l\u00fd gi\u00fap ph\u00e2n lo\u1ea1i gi\u00e0y d\u00e9p r\u00f5 r\u00e0ng v\u00e0 d\u1ec5 d\u00e0ng l\u1ea5y s\u1eed d\u1ee5ng h\u1eb1ng ng\u00e0y. Nh\u1edd c\u1ea5u tr\u00fac nh\u1ecf g\u1ecdn, T\u1ee7 gi\u00e0y GHT37 c\u00f3 th\u1ec3 \u0111\u1eb7t t\u1ea1i nhi\u1ec1u v\u1ecb tr\u00ed nh\u01b0 l\u1ed1i v\u00e0o, h\u00e0nh lang ho\u1eb7c g\u00f3c ph\u00f2ng m\u00e0 v\u1eabn \u0111\u1ea3m b\u1ea3o t\u00ednh th\u1ea9m m\u1ef9.<\/p>\n<p data-start=\"1521\" data-end=\"1910\">T\u1ee7 gi\u00e0y GHT37 \u0111\u01b0\u1ee3c s\u1ea3n xu\u1ea5t t\u1eeb g\u1ed7 c\u00f4ng nghi\u1ec7p MDF ch\u1ed1ng \u1ea9m ph\u1ee7 Melamine cao c\u1ea5p. \u0110\u00e2y l\u00e0 v\u1eadt li\u1ec7u c\u00f3 \u0111\u1ed9 b\u1ec1n cao, kh\u1ea3 n\u0103ng ch\u1ed1ng tr\u1ea7y x\u01b0\u1edbc t\u1ed1t v\u00e0 h\u1ea1n ch\u1ebf cong v\u00eanh trong \u0111i\u1ec1u ki\u1ec7n s\u1eed d\u1ee5ng l\u00e2u d\u00e0i. B\u1ec1 m\u1eb7t ph\u1ee7 Melamine gi\u00fap ch\u1ed1ng b\u00e1m b\u1ee5i, d\u1ec5 v\u1ec7 sinh v\u00e0 gi\u1eef m\u00e0u s\u1eafc \u1ed5n \u0111\u1ecbnh theo th\u1eddi gian. Nh\u1edd ch\u1ea5t li\u1ec7u b\u1ec1n b\u1ec9, T\u1ee7 gi\u00e0y GHT37 lu\u00f4n \u0111\u1ea3m b\u1ea3o \u0111\u1ed9 b\u1ec1n \u0111\u1eb9p v\u00e0 ph\u00f9 h\u1ee3p v\u1edbi nhu c\u1ea7u s\u1eed d\u1ee5ng th\u01b0\u1eddng xuy\u00ean.<\/p>\n<p data-start=\"1912\" data-end=\"2242\">Kh\u00f4ng gian b\u00ean trong T\u1ee7 gi\u00e0y GHT37 \u0111\u01b0\u1ee3c thi\u1ebft k\u1ebf khoa h\u1ecdc nh\u1eb1m t\u1ed1i \u01b0u kh\u1ea3 n\u0103ng l\u01b0u tr\u1eef. C\u00e1c t\u1ea7ng k\u1ec7 gi\u00fap s\u1eafp x\u1ebfp gi\u00e0y d\u00e9p g\u1ecdn g\u00e0ng v\u00e0 t\u1eadn d\u1ee5ng hi\u1ec7u qu\u1ea3 di\u1ec7n t\u00edch nh\u1ecf. Thi\u1ebft k\u1ebf m\u1edf gi\u00fap kh\u00f4ng kh\u00ed l\u01b0u th\u00f4ng t\u1ed1t, h\u1ea1n ch\u1ebf m\u00f9i v\u00e0 gi\u1eef gi\u00e0y d\u00e9p lu\u00f4n kh\u00f4 r\u00e1o. Nh\u1edd b\u1ed1 c\u1ee5c h\u1ee3p l\u00fd, T\u1ee7 gi\u00e0y GHT37 gi\u00fap khu v\u1ef1c l\u1ed1i v\u00e0o lu\u00f4n s\u1ea1ch s\u1ebd v\u00e0 ng\u0103n n\u1eafp.<\/p>\n<h4 data-start=\"1912\" data-end=\"2242\"><a href=\"https:\/\/noithattheone-ht.com\/danh-muc\/gia-dinh\/tu-giay\/\" target=\"_blank\" rel=\"noopener\">T\u1ee7 gi\u00e0y GHT37<\/a><\/h4>\n<figure id=\"attachment_8749\" aria-describedby=\"caption-attachment-8749\" style=\"width: 1024px\" class=\"wp-caption aligncenter\"><img loading=\"lazy\" decoding=\"async\" class=\"wp-image-8749 size-full\" src=\"https:\/\/noithathuuthinh.vn\/wp-content\/uploads\/2026\/04\/GHT37.jpg\" alt=\"T\u1ee7 gi\u00e0y GHT37\" width=\"1024\" height=\"768\" srcset=\"https:\/\/noithathuuthinh.vn\/wp-content\/uploads\/2026\/04\/GHT37.jpg 1024w, https:\/\/noithathuuthinh.vn\/wp-content\/uploads\/2026\/04\/GHT37-500x375.jpg 500w, https:\/\/noithathuuthinh.vn\/wp-content\/uploads\/2026\/04\/GHT37-300x225.jpg 300w, https:\/\/noithathuuthinh.vn\/wp-content\/uploads\/2026\/04\/GHT37-768x576.jpg 768w, https:\/\/noithathuuthinh.vn\/wp-content\/uploads\/2026\/04\/GHT37-720x540.jpg 720w, https:\/\/noithathuuthinh.vn\/wp-content\/uploads\/2026\/04\/GHT37-1000x750.jpg 1000w\" sizes=\"auto, (max-width: 1024px) 100vw, 1024px\" \/><figcaption id=\"caption-attachment-8749\" class=\"wp-caption-text\">T\u1ee7 gi\u00e0y GHT37<\/figcaption><\/figure>\n<p data-start=\"2244\" data-end=\"2560\">V\u1edbi k\u00edch th\u01b0\u1edbc W650 x D280 x H600 mm, T\u1ee7 gi\u00e0y GHT37 \u0111\u1eb7c bi\u1ec7t ph\u00f9 h\u1ee3p v\u1edbi nh\u1eefng kh\u00f4ng gian h\u1ea1n ch\u1ebf di\u1ec7n t\u00edch. Chi\u1ec1u s\u00e2u m\u1ecfng gi\u00fap ti\u1ebft ki\u1ec7m kh\u00f4ng gian, trong khi chi\u1ec1u ngang v\u1eeba ph\u1ea3i v\u1eabn \u0111\u1ea3m b\u1ea3o kh\u1ea3 n\u0103ng ch\u1ee9a nhi\u1ec1u \u0111\u00f4i gi\u00e0y. Thi\u1ebft k\u1ebf th\u1ea5p gi\u00fap thu\u1eadn ti\u1ec7n khi s\u1eed d\u1ee5ng v\u00e0 d\u1ec5 d\u00e0ng k\u1ebft h\u1ee3p v\u1edbi c\u00e1c s\u1ea3n ph\u1ea9m n\u1ed9i th\u1ea5t kh\u00e1c.<\/p>\n<p data-start=\"2562\" data-end=\"2853\">Thi\u1ebft k\u1ebf t\u1ed5ng th\u1ec3 c\u1ee7a T\u1ee7 gi\u00e0y GHT37 mang l\u1ea1i c\u1ea3m gi\u00e1c hi\u1ec7n \u0111\u1ea1i v\u00e0 tinh t\u1ebf cho khu v\u1ef1c l\u1ed1i v\u00e0o. \u0110\u01b0\u1eddng n\u00e9t \u0111\u01a1n gi\u1ea3n gi\u00fap s\u1ea3n ph\u1ea9m d\u1ec5 d\u00e0ng h\u00f2a h\u1ee3p v\u1edbi nhi\u1ec1u phong c\u00e1ch n\u1ed9i th\u1ea5t kh\u00e1c nhau. T\u1ee7 gi\u00e0y GHT37 kh\u00f4ng ch\u1ec9 gi\u00fap l\u01b0u tr\u1eef gi\u00e0y d\u00e9p m\u00e0 c\u00f2n g\u00f3p ph\u1ea7n t\u1ea1o n\u00ean kh\u00f4ng gian s\u1ed1ng g\u1ecdn g\u00e0ng v\u00e0 th\u1ea9m m\u1ef9.<\/p>\n<p data-start=\"2855\" data-end=\"3105\">Ngo\u00e0i ra, T\u1ee7 gi\u00e0y GHT37 c\u00f2n c\u00f3 \u01b0u \u0111i\u1ec3m d\u1ec5 v\u1ec7 sinh v\u00e0 b\u1ea3o qu\u1ea3n. B\u1ec1 m\u1eb7t Melamine gi\u00fap lau ch\u00f9i nhanh ch\u00f3ng v\u00e0 h\u1ea1n ch\u1ebf b\u00e1m b\u1ee5i. K\u1ebft c\u1ea5u ch\u1eafc ch\u1eafn gi\u00fap s\u1ea3n ph\u1ea9m duy tr\u00ec \u0111\u1ed9 \u1ed5n \u0111\u1ecbnh trong qu\u00e1 tr\u00ecnh s\u1eed d\u1ee5ng l\u00e2u d\u00e0i, ph\u00f9 h\u1ee3p v\u1edbi nhu c\u1ea7u s\u1eed d\u1ee5ng th\u01b0\u1eddng xuy\u00ean.<\/p>\n<p data-start=\"3107\" data-end=\"3304\" data-is-last-node=\"\" data-is-only-node=\"\">T\u1ee7 gi\u00e0y GHT37 l\u00e0 s\u1ef1 k\u1ebft h\u1ee3p gi\u1eefa thi\u1ebft k\u1ebf \u0111\u01a1n gi\u1ea3n, ch\u1ea5t li\u1ec7u b\u1ec1n b\u1ec9 v\u00e0 c\u00f4ng n\u0103ng s\u1eed d\u1ee5ng hi\u1ec7u qu\u1ea3, ph\u00f9 h\u1ee3p v\u1edbi nhi\u1ec1u kh\u00f4ng gian ph\u00f2ng ng\u1ee7 hi\u1ec7n \u0111\u1ea1i, mang l\u1ea1i gi\u1ea3i ph\u00e1p l\u01b0u tr\u1eef ti\u1ec7n nghi v\u00e0 th\u1ea9m m\u1ef9.<\/p>\n","protected":false},"excerpt":{"rendered":"<p data-start=\"48\" data-end=\"489\">T\u1ee7 gi\u00e0y GHT37 l\u00e0 m\u1eabu k\u1ec7 gi\u00e0y \u0111\u1eb9p g\u1ed7 MDF thi\u1ebft k\u1ebf ti\u1ec7n d\u1ee5ng theo phong c\u00e1ch \u0111\u01a1n gi\u1ea3n, ph\u00f9 h\u1ee3p v\u1edbi nhi\u1ec1u kh\u00f4ng gian n\u1ed9i th\u1ea5t t\u1eeb hi\u1ec7n \u0111\u1ea1i \u0111\u1ebfn c\u1ed5 \u0111i\u1ec3n ho\u1eb7c vintage. S\u1ea3n ph\u1ea9m c\u00f3 ki\u1ec3u d\u00e1ng nh\u1ecf g\u1ecdn c\u00f9ng nhi\u1ec1u t\u1ea7ng k\u1ec7 ti\u1ec7n l\u1ee3i, gi\u00fap s\u1eafp x\u1ebfp gi\u00e0y d\u00e9p g\u1ecdn g\u00e0ng v\u00e0 t\u1ed1i \u01b0u di\u1ec7n t\u00edch s\u1eed d\u1ee5ng. T\u1ee7 \u0111\u01b0\u1ee3c s\u1ea3n xu\u1ea5t t\u1eeb g\u1ed7 c\u00f4ng nghi\u1ec7p MDF ch\u1ed1ng \u1ea9m ph\u1ee7 Melamine cao c\u1ea5p, mang l\u1ea1i \u0111\u1ed9 b\u1ec1n cao, kh\u1ea3 n\u0103ng ch\u1ed1ng tr\u1ea7y x\u01b0\u1edbc v\u00e0 h\u1ea1n ch\u1ebf cong v\u00eanh trong qu\u00e1 tr\u00ecnh s\u1eed d\u1ee5ng.<\/p>\n<p><span style=\"color: #ed1c24;\"><em>M\u00e0u g\u1ed7 tu\u1ef3 ch\u1ecdn theo y\u00eau c\u1ea7u c\u1ee7a kh\u00e1ch h\u00e0ng.<\/em><\/span><\/p>\n<p data-start=\"491\" data-end=\"781\">K\u00edch th\u01b0\u1edbc: W650 x D280 x H600 mm<br data-start=\"524\" data-end=\"527\" \/>Xu\u1ea5t x\u1ee9: S\u1ea3n ph\u1ea9m c\u1ee7a <strong>C\u00d4NG TY TNHH SXTM TTNT H\u1eeeU TH\u1ecaNH.<\/strong><br data-start=\"582\" data-end=\"585\" \/>B\u1ea3o h\u00e0nh: 12 th\u00e1ng theo ti\u00eau chu\u1ea9n nh\u00e0 m\u00e1y.<br data-start=\"628\" data-end=\"631\" \/><em><span style=\"color: #ed1c24;\">L\u01b0u \u00fd: Gi\u00e1 tr\u00ean ch\u01b0a bao g\u1ed3m VAT v\u00e0 ph\u00ed v\u1eadn chuy\u1ec3n. Gi\u00e1 s\u1ea3n ph\u1ea9m c\u00f3 th\u1ec3 thay \u0111\u1ed5i theo t\u1eebng th\u1eddi \u0111i\u1ec3m, vui l\u00f2ng li\u00ean h\u1ec7 \u0111\u1ec3 nh\u1eadn t\u01b0 v\u1ea5n \u01b0u \u0111\u00e3i t\u1ed1t nh\u1ea5t.<\/span><\/em><\/p>\n","protected":false},"featured_media":8749,"comment_status":"open","ping_status":"closed","template":"","meta":[],"product_brand":[],"product_cat":[18,412],"product_tag":[],"class_list":{"0":"post-8748","1":"product","2":"type-product","3":"status-publish","4":"has-post-thumbnail","6":"product_cat-noi-that-gia-dinh","7":"product_cat-tu-giay","9":"first","10":"instock","11":"shipping-taxable","12":"purchasable","13":"product-type-simple"},"_links":{"self":[{"href":"https:\/\/noithathuuthinh.vn\/zh-hans\/wp-json\/wp\/v2\/product\/8748","targetHints":{"allow":["GET"]}}],"collection":[{"href":"https:\/\/noithathuuthinh.vn\/zh-hans\/wp-json\/wp\/v2\/product"}],"about":[{"href":"https:\/\/noithathuuthinh.vn\/zh-hans\/wp-json\/wp\/v2\/types\/product"}],"replies":[{"embeddable":true,"href":"https:\/\/noithathuuthinh.vn\/zh-hans\/wp-json\/wp\/v2\/comments?post=8748"}],"wp:featuredmedia":[{"embeddable":true,"href":"https:\/\/noithathuuthinh.vn\/zh-hans\/wp-json\/wp\/v2\/media\/8749"}],"wp:attachment":[{"href":"https:\/\/noithathuuthinh.vn\/zh-hans\/wp-json\/wp\/v2\/media?parent=8748"}],"wp:term":[{"taxonomy":"product_brand","embeddable":true,"href":"https:\/\/noithathuuthinh.vn\/zh-hans\/wp-json\/wp\/v2\/product_brand?post=8748"},{"taxonomy":"product_cat","embeddable":true,"href":"https:\/\/noithathuuthinh.vn\/zh-hans\/wp-json\/wp\/v2\/product_cat?post=8748"},{"taxonomy":"product_tag","embeddable":true,"href":"https:\/\/noithathuuthinh.vn\/zh-hans\/wp-json\/wp\/v2\/product_tag?post=8748"}],"curies":[{"name":"wp","href":"https:\/\/api.w.org\/{rel}","templated":true}]}}